{"id":1068,"date":"2026-01-25T19:00:45","date_gmt":"2026-01-25T19:00:45","guid":{"rendered":"http:\/\/mv-niederhosenbach.de\/?page_id=1068"},"modified":"2026-01-25T19:22:22","modified_gmt":"2026-01-25T19:22:22","slug":"2023-2","status":"publish","type":"page","link":"http:\/\/mv-niederhosenbach.de\/?page_id=1068","title":{"rendered":"2023"},"content":{"rendered":"\n<h2 class=\"wp-block-heading has-text-align-center\">Fastnacht<\/h2>\n\n\n\n<figure class=\"wp-block-image size-large\"><img loading=\"lazy\" decoding=\"async\" width=\"1024\" height=\"768\" src=\"http:\/\/mv-niederhosenbach.de\/wp-content\/uploads\/2023\/03\/31D97118-4290-4FA1-A715-DDFB4F65631E-1024x768.jpeg\" alt=\"\" class=\"wp-image-772\" srcset=\"http:\/\/mv-niederhosenbach.de\/wp-content\/uploads\/2023\/03\/31D97118-4290-4FA1-A715-DDFB4F65631E-1024x768.jpeg 1024w, http:\/\/mv-niederhosenbach.de\/wp-content\/uploads\/2023\/03\/31D97118-4290-4FA1-A715-DDFB4F65631E-300x225.jpeg 300w, http:\/\/mv-niederhosenbach.de\/wp-content\/uploads\/2023\/03\/31D97118-4290-4FA1-A715-DDFB4F65631E-768x576.jpeg 768w, http:\/\/mv-niederhosenbach.de\/wp-content\/uploads\/2023\/03\/31D97118-4290-4FA1-A715-DDFB4F65631E-1536x1152.jpeg 1536w, http:\/\/mv-niederhosenbach.de\/wp-content\/uploads\/2023\/03\/31D97118-4290-4FA1-A715-DDFB4F65631E-960x720.jpeg 960w, http:\/\/mv-niederhosenbach.de\/wp-content\/uploads\/2023\/03\/31D97118-4290-4FA1-A715-DDFB4F65631E-640x480.jpeg 640w, http:\/\/mv-niederhosenbach.de\/wp-content\/uploads\/2023\/03\/31D97118-4290-4FA1-A715-DDFB4F65631E.jpeg 2048w\" sizes=\"auto, (max-width: 1024px) 100vw, 1024px\" \/><\/figure>\n\n\n\n<hr class=\"wp-block-separator has-text-color has-black-color has-alpha-channel-opacity has-black-background-color has-background is-style-wide\"\/>\n\n\n\n<h2 class=\"wp-block-heading has-text-align-center\">Konzert in B\u00e4renbach<\/h2>\n\n\n\n<div class=\"wp-block-columns is-layout-flex wp-container-core-columns-is-layout-9d6595d7 wp-block-columns-is-layout-flex\">\n<div class=\"wp-block-column is-layout-flow wp-block-column-is-layout-flow\">\n<figure class=\"wp-block-image size-large\"><img loading=\"lazy\" decoding=\"async\" width=\"744\" height=\"1024\" src=\"http:\/\/mv-niederhosenbach.de\/wp-content\/uploads\/2023\/06\/IMG_4858-744x1024.jpeg\" alt=\"\" class=\"wp-image-795\" srcset=\"http:\/\/mv-niederhosenbach.de\/wp-content\/uploads\/2023\/06\/IMG_4858-744x1024.jpeg 744w, http:\/\/mv-niederhosenbach.de\/wp-content\/uploads\/2023\/06\/IMG_4858-218x300.jpeg 218w, http:\/\/mv-niederhosenbach.de\/wp-content\/uploads\/2023\/06\/IMG_4858-768x1057.jpeg 768w, http:\/\/mv-niederhosenbach.de\/wp-content\/uploads\/2023\/06\/IMG_4858.jpeg 1080w\" sizes=\"auto, (max-width: 744px) 100vw, 744px\" \/><\/figure>\n<\/div>\n\n\n\n<div class=\"wp-block-column is-layout-flow wp-block-column-is-layout-flow\">\n<figure class=\"wp-block-image size-large\"><img loading=\"lazy\" decoding=\"async\" width=\"1024\" height=\"1024\" src=\"http:\/\/mv-niederhosenbach.de\/wp-content\/uploads\/2023\/08\/Konzert-2023-1024x1024.jpg\" alt=\"\" class=\"wp-image-801\" srcset=\"http:\/\/mv-niederhosenbach.de\/wp-content\/uploads\/2023\/08\/Konzert-2023-1024x1024.jpg 1024w, http:\/\/mv-niederhosenbach.de\/wp-content\/uploads\/2023\/08\/Konzert-2023-300x300.jpg 300w, http:\/\/mv-niederhosenbach.de\/wp-content\/uploads\/2023\/08\/Konzert-2023-150x150.jpg 150w, http:\/\/mv-niederhosenbach.de\/wp-content\/uploads\/2023\/08\/Konzert-2023-768x768.jpg 768w, http:\/\/mv-niederhosenbach.de\/wp-content\/uploads\/2023\/08\/Konzert-2023-1536x1536.jpg 1536w, http:\/\/mv-niederhosenbach.de\/wp-content\/uploads\/2023\/08\/Konzert-2023-640x640.jpg 640w, http:\/\/mv-niederhosenbach.de\/wp-content\/uploads\/2023\/08\/Konzert-2023-180x180.jpg 180w, http:\/\/mv-niederhosenbach.de\/wp-content\/uploads\/2023\/08\/Konzert-2023-50x50.jpg 50w, http:\/\/mv-niederhosenbach.de\/wp-content\/uploads\/2023\/08\/Konzert-2023.jpg 2048w\" sizes=\"auto, (max-width: 1024px) 100vw, 1024px\" \/><\/figure>\n<\/div>\n<\/div>\n\n\n\n<hr class=\"wp-block-separator has-text-color has-black-color has-alpha-channel-opacity has-black-background-color has-background is-style-wide\"\/>\n\n\n\n<h2 class=\"wp-block-heading has-text-align-center\">Jubil\u00e4umsfest &#8211; 70 Jahre<\/h2>\n\n\n\n<div class=\"wp-block-columns is-layout-flex wp-container-core-columns-is-layout-9d6595d7 wp-block-columns-is-layout-flex\">\n<div class=\"wp-block-column is-layout-flow wp-block-column-is-layout-flow\">\n<figure class=\"wp-block-image size-large\"><img loading=\"lazy\" decoding=\"async\" width=\"830\" height=\"1024\" src=\"http:\/\/mv-niederhosenbach.de\/wp-content\/uploads\/2026\/01\/Brass-Machine.-2023-830x1024.jpeg\" alt=\"\" class=\"wp-image-1076\" srcset=\"http:\/\/mv-niederhosenbach.de\/wp-content\/uploads\/2026\/01\/Brass-Machine.-2023-830x1024.jpeg 830w, http:\/\/mv-niederhosenbach.de\/wp-content\/uploads\/2026\/01\/Brass-Machine.-2023-243x300.jpeg 243w, http:\/\/mv-niederhosenbach.de\/wp-content\/uploads\/2026\/01\/Brass-Machine.-2023-768x948.jpeg 768w, http:\/\/mv-niederhosenbach.de\/wp-content\/uploads\/2026\/01\/Brass-Machine.-2023.jpeg 1170w\" sizes=\"auto, (max-width: 830px) 100vw, 830px\" \/><\/figure>\n<\/div>\n\n\n\n<div class=\"wp-block-column is-layout-flow wp-block-column-is-layout-flow\">\n<figure class=\"wp-block-image size-large\"><img loading=\"lazy\" decoding=\"async\" width=\"722\" height=\"1024\" src=\"http:\/\/mv-niederhosenbach.de\/wp-content\/uploads\/2023\/08\/Jubilaeumsfest-2023-722x1024.jpg\" alt=\"\" class=\"wp-image-805\" srcset=\"http:\/\/mv-niederhosenbach.de\/wp-content\/uploads\/2023\/08\/Jubilaeumsfest-2023-722x1024.jpg 722w, http:\/\/mv-niederhosenbach.de\/wp-content\/uploads\/2023\/08\/Jubilaeumsfest-2023-211x300.jpg 211w, http:\/\/mv-niederhosenbach.de\/wp-content\/uploads\/2023\/08\/Jubilaeumsfest-2023-768x1090.jpg 768w, http:\/\/mv-niederhosenbach.de\/wp-content\/uploads\/2023\/08\/Jubilaeumsfest-2023.jpg 1020w\" sizes=\"auto, (max-width: 722px) 100vw, 722px\" \/><\/figure>\n<\/div>\n\n\n\n<div class=\"wp-block-column is-layout-flow wp-block-column-is-layout-flow\">\n<figure class=\"wp-block-image size-large\"><img loading=\"lazy\" decoding=\"async\" width=\"829\" height=\"1024\" src=\"http:\/\/mv-niederhosenbach.de\/wp-content\/uploads\/2026\/01\/Ehrungen-2023-829x1024.jpeg\" alt=\"\" class=\"wp-image-1077\" srcset=\"http:\/\/mv-niederhosenbach.de\/wp-content\/uploads\/2026\/01\/Ehrungen-2023-829x1024.jpeg 829w, http:\/\/mv-niederhosenbach.de\/wp-content\/uploads\/2026\/01\/Ehrungen-2023-243x300.jpeg 243w, http:\/\/mv-niederhosenbach.de\/wp-content\/uploads\/2026\/01\/Ehrungen-2023-768x949.jpeg 768w, http:\/\/mv-niederhosenbach.de\/wp-content\/uploads\/2026\/01\/Ehrungen-2023.jpeg 1170w\" sizes=\"auto, (max-width: 829px) 100vw, 829px\" \/><\/figure>\n<\/div>\n<\/div>\n\n\n\n<hr class=\"wp-block-separator has-text-color has-black-color has-alpha-channel-opacity has-black-background-color has-background is-style-wide\"\/>\n\n\n\n<h2 class=\"wp-block-heading has-text-align-center\">Oktoberfest f\u00fcr zu Hause<\/h2>\n\n\n\n<div class=\"wp-block-columns is-layout-flex wp-container-core-columns-is-layout-9d6595d7 wp-block-columns-is-layout-flex\">\n<div class=\"wp-block-column is-layout-flow wp-block-column-is-layout-flow\">\n<figure class=\"wp-block-image size-large\"><img loading=\"lazy\" decoding=\"async\" width=\"732\" height=\"1024\" src=\"http:\/\/mv-niederhosenbach.de\/wp-content\/uploads\/2023\/10\/IMG_1307-732x1024.jpeg\" alt=\"\" class=\"wp-image-816\" srcset=\"http:\/\/mv-niederhosenbach.de\/wp-content\/uploads\/2023\/10\/IMG_1307-732x1024.jpeg 732w, http:\/\/mv-niederhosenbach.de\/wp-content\/uploads\/2023\/10\/IMG_1307-214x300.jpeg 214w, http:\/\/mv-niederhosenbach.de\/wp-content\/uploads\/2023\/10\/IMG_1307-768x1075.jpeg 768w, http:\/\/mv-niederhosenbach.de\/wp-content\/uploads\/2023\/10\/IMG_1307.jpeg 946w\" sizes=\"auto, (max-width: 732px) 100vw, 732px\" \/><\/figure>\n<\/div>\n\n\n\n<div class=\"wp-block-column is-layout-flow wp-block-column-is-layout-flow\">\n<figure class=\"wp-block-image size-large\"><img loading=\"lazy\" decoding=\"async\" width=\"819\" height=\"1024\" src=\"http:\/\/mv-niederhosenbach.de\/wp-content\/uploads\/2026\/01\/Oktoberfest-2023-819x1024.jpg\" alt=\"\" class=\"wp-image-1078\" srcset=\"http:\/\/mv-niederhosenbach.de\/wp-content\/uploads\/2026\/01\/Oktoberfest-2023-819x1024.jpg 819w, http:\/\/mv-niederhosenbach.de\/wp-content\/uploads\/2026\/01\/Oktoberfest-2023-240x300.jpg 240w, http:\/\/mv-niederhosenbach.de\/wp-content\/uploads\/2026\/01\/Oktoberfest-2023-768x960.jpg 768w, http:\/\/mv-niederhosenbach.de\/wp-content\/uploads\/2026\/01\/Oktoberfest-2023-1229x1536.jpg 1229w, http:\/\/mv-niederhosenbach.de\/wp-content\/uploads\/2026\/01\/Oktoberfest-2023.jpg 1440w\" sizes=\"auto, (max-width: 819px) 100vw, 819px\" \/><\/figure>\n<\/div>\n<\/div>\n\n\n\n<hr class=\"wp-block-separator has-text-color has-black-color has-alpha-channel-opacity has-black-background-color has-background is-style-wide\"\/>\n\n\n\n<h2 class=\"wp-block-heading has-text-align-center\">Martinsumz\u00fcge<\/h2>\n\n\n\n<figure class=\"wp-block-image size-large\"><img loading=\"lazy\" decoding=\"async\" width=\"1024\" height=\"1024\" src=\"http:\/\/mv-niederhosenbach.de\/wp-content\/uploads\/2026\/01\/Martinsumzuege-2023-1024x1024.jpg\" alt=\"\" class=\"wp-image-1080\" srcset=\"http:\/\/mv-niederhosenbach.de\/wp-content\/uploads\/2026\/01\/Martinsumzuege-2023-1024x1024.jpg 1024w, http:\/\/mv-niederhosenbach.de\/wp-content\/uploads\/2026\/01\/Martinsumzuege-2023-300x300.jpg 300w, http:\/\/mv-niederhosenbach.de\/wp-content\/uploads\/2026\/01\/Martinsumzuege-2023-150x150.jpg 150w, http:\/\/mv-niederhosenbach.de\/wp-content\/uploads\/2026\/01\/Martinsumzuege-2023-768x768.jpg 768w, http:\/\/mv-niederhosenbach.de\/wp-content\/uploads\/2026\/01\/Martinsumzuege-2023-1536x1536.jpg 1536w, http:\/\/mv-niederhosenbach.de\/wp-content\/uploads\/2026\/01\/Martinsumzuege-2023-640x640.jpg 640w, http:\/\/mv-niederhosenbach.de\/wp-content\/uploads\/2026\/01\/Martinsumzuege-2023-180x180.jpg 180w, http:\/\/mv-niederhosenbach.de\/wp-content\/uploads\/2026\/01\/Martinsumzuege-2023-50x50.jpg 50w, http:\/\/mv-niederhosenbach.de\/wp-content\/uploads\/2026\/01\/Martinsumzuege-2023.jpg 2048w\" sizes=\"auto, (max-width: 1024px) 100vw, 1024px\" \/><\/figure>\n\n\n\n<hr class=\"wp-block-separator has-text-color has-black-color has-alpha-channel-opacity has-black-background-color has-background is-style-wide\"\/>\n\n\n\n<h2 class=\"wp-block-heading has-text-align-center\">Spansauessen<\/h2>\n\n\n<div class=\"wp-block-image\">\n<figure class=\"aligncenter size-large\"><img loading=\"lazy\" decoding=\"async\" width=\"743\" height=\"1024\" src=\"http:\/\/mv-niederhosenbach.de\/wp-content\/uploads\/2023\/11\/IMG_5937-743x1024.jpeg\" alt=\"\" class=\"wp-image-825\" srcset=\"http:\/\/mv-niederhosenbach.de\/wp-content\/uploads\/2023\/11\/IMG_5937-743x1024.jpeg 743w, http:\/\/mv-niederhosenbach.de\/wp-content\/uploads\/2023\/11\/IMG_5937-218x300.jpeg 218w, http:\/\/mv-niederhosenbach.de\/wp-content\/uploads\/2023\/11\/IMG_5937-768x1058.jpeg 768w, http:\/\/mv-niederhosenbach.de\/wp-content\/uploads\/2023\/11\/IMG_5937.jpeg 1080w\" sizes=\"auto, (max-width: 743px) 100vw, 743px\" \/><\/figure>\n<\/div>\n\n\n<hr class=\"wp-block-separator has-text-color has-black-color has-alpha-channel-opacity has-black-background-color has-background is-style-wide\"\/>\n\n\n\n<h2 class=\"wp-block-heading has-text-align-center\">Adventskonzerte<\/h2>\n\n\n\n<div class=\"wp-block-columns is-layout-flex wp-container-core-columns-is-layout-9d6595d7 wp-block-columns-is-layout-flex\">\n<div class=\"wp-block-column is-layout-flow wp-block-column-is-layout-flow\">\n<figure class=\"wp-block-image size-large\"><img loading=\"lazy\" decoding=\"async\" width=\"820\" height=\"1024\" src=\"http:\/\/mv-niederhosenbach.de\/wp-content\/uploads\/2023\/11\/IMG_5933-820x1024.jpeg\" alt=\"\" class=\"wp-image-826\" srcset=\"http:\/\/mv-niederhosenbach.de\/wp-content\/uploads\/2023\/11\/IMG_5933-820x1024.jpeg 820w, http:\/\/mv-niederhosenbach.de\/wp-content\/uploads\/2023\/11\/IMG_5933-240x300.jpeg 240w, http:\/\/mv-niederhosenbach.de\/wp-content\/uploads\/2023\/11\/IMG_5933-768x960.jpeg 768w, http:\/\/mv-niederhosenbach.de\/wp-content\/uploads\/2023\/11\/IMG_5933.jpeg 826w\" sizes=\"auto, (max-width: 820px) 100vw, 820px\" \/><\/figure>\n<\/div>\n\n\n\n<div class=\"wp-block-column is-layout-flow wp-block-column-is-layout-flow\">\n<figure class=\"wp-block-image size-full\"><img loading=\"lazy\" decoding=\"async\" width=\"1024\" height=\"768\" src=\"http:\/\/mv-niederhosenbach.de\/wp-content\/uploads\/2026\/01\/Generalprobe-Sien-2023.jpg\" alt=\"\" class=\"wp-image-1079\" srcset=\"http:\/\/mv-niederhosenbach.de\/wp-content\/uploads\/2026\/01\/Generalprobe-Sien-2023.jpg 1024w, http:\/\/mv-niederhosenbach.de\/wp-content\/uploads\/2026\/01\/Generalprobe-Sien-2023-300x225.jpg 300w, http:\/\/mv-niederhosenbach.de\/wp-content\/uploads\/2026\/01\/Generalprobe-Sien-2023-768x576.jpg 768w, http:\/\/mv-niederhosenbach.de\/wp-content\/uploads\/2026\/01\/Generalprobe-Sien-2023-960x720.jpg 960w, http:\/\/mv-niederhosenbach.de\/wp-content\/uploads\/2026\/01\/Generalprobe-Sien-2023-640x480.jpg 640w\" sizes=\"auto, (max-width: 1024px) 100vw, 1024px\" \/><\/figure>\n<\/div>\n<\/div>\n","protected":false},"excerpt":{"rendered":"<p>Fastnacht Konzert in B\u00e4renbach Jubil\u00e4umsfest &#8211; 70 Jahre Oktoberfest f\u00fcr zu Hause Martinsumz\u00fcge Spansauessen Adventskonzerte<\/p>\n","protected":false},"author":1,"featured_media":0,"parent":0,"menu_order":0,"comment_status":"closed","ping_status":"closed","template":"","meta":{"footnotes":""},"class_list":["post-1068","page","type-page","status-publish","hentry"],"_links":{"self":[{"href":"http:\/\/mv-niederhosenbach.de\/index.php?rest_route=\/wp\/v2\/pages\/1068","targetHints":{"allow":["GET"]}}],"collection":[{"href":"http:\/\/mv-niederhosenbach.de\/index.php?rest_route=\/wp\/v2\/pages"}],"about":[{"href":"http:\/\/mv-niederhosenbach.de\/index.php?rest_route=\/wp\/v2\/types\/page"}],"author":[{"embeddable":true,"href":"http:\/\/mv-niederhosenbach.de\/index.php?rest_route=\/wp\/v2\/users\/1"}],"replies":[{"embeddable":true,"href":"http:\/\/mv-niederhosenbach.de\/index.php?rest_route=%2Fwp%2Fv2%2Fcomments&post=1068"}],"version-history":[{"count":3,"href":"http:\/\/mv-niederhosenbach.de\/index.php?rest_route=\/wp\/v2\/pages\/1068\/revisions"}],"predecessor-version":[{"id":1082,"href":"http:\/\/mv-niederhosenbach.de\/index.php?rest_route=\/wp\/v2\/pages\/1068\/revisions\/1082"}],"wp:attachment":[{"href":"http:\/\/mv-niederhosenbach.de\/index.php?rest_route=%2Fwp%2Fv2%2Fmedia&parent=1068"}],"curies":[{"name":"wp","href":"https:\/\/api.w.org\/{rel}","templated":true}]}}