{"id":1090,"date":"2026-01-29T17:48:02","date_gmt":"2026-01-29T17:48:02","guid":{"rendered":"http:\/\/mv-niederhosenbach.de\/?page_id=1090"},"modified":"2026-01-29T17:48:03","modified_gmt":"2026-01-29T17:48:03","slug":"2024-2","status":"publish","type":"page","link":"http:\/\/mv-niederhosenbach.de\/?page_id=1090","title":{"rendered":"2024"},"content":{"rendered":"\n<h2 class=\"wp-block-heading has-text-align-center\">Fastnacht<\/h2>\n\n\n<div class=\"wp-block-image\">\n<figure class=\"aligncenter size-large\"><img loading=\"lazy\" decoding=\"async\" width=\"1024\" height=\"717\" src=\"http:\/\/mv-niederhosenbach.de\/wp-content\/uploads\/2024\/04\/54452f9d-cf80-4417-bdc6-2dd74cd79b22-1024x717.jpeg\" alt=\"\" class=\"wp-image-846\" srcset=\"http:\/\/mv-niederhosenbach.de\/wp-content\/uploads\/2024\/04\/54452f9d-cf80-4417-bdc6-2dd74cd79b22-1024x717.jpeg 1024w, http:\/\/mv-niederhosenbach.de\/wp-content\/uploads\/2024\/04\/54452f9d-cf80-4417-bdc6-2dd74cd79b22-300x210.jpeg 300w, http:\/\/mv-niederhosenbach.de\/wp-content\/uploads\/2024\/04\/54452f9d-cf80-4417-bdc6-2dd74cd79b22-768x538.jpeg 768w, http:\/\/mv-niederhosenbach.de\/wp-content\/uploads\/2024\/04\/54452f9d-cf80-4417-bdc6-2dd74cd79b22.jpeg 1171w\" sizes=\"auto, (max-width: 1024px) 100vw, 1024px\" \/><\/figure>\n<\/div>\n\n\n<hr class=\"wp-block-separator has-text-color has-black-color has-alpha-channel-opacity has-black-background-color has-background is-style-wide\"\/>\n\n\n\n<h2 class=\"wp-block-heading has-text-align-center\">Konzert in B\u00e4renbach<\/h2>\n\n\n<div class=\"wp-block-image\">\n<figure class=\"aligncenter size-large\"><img loading=\"lazy\" decoding=\"async\" width=\"685\" height=\"1024\" src=\"http:\/\/mv-niederhosenbach.de\/wp-content\/uploads\/2024\/04\/438501b6-a5ce-4b97-8567-7cd416ebd32c-685x1024.jpeg\" alt=\"\" class=\"wp-image-841\" srcset=\"http:\/\/mv-niederhosenbach.de\/wp-content\/uploads\/2024\/04\/438501b6-a5ce-4b97-8567-7cd416ebd32c-685x1024.jpeg 685w, http:\/\/mv-niederhosenbach.de\/wp-content\/uploads\/2024\/04\/438501b6-a5ce-4b97-8567-7cd416ebd32c-201x300.jpeg 201w, http:\/\/mv-niederhosenbach.de\/wp-content\/uploads\/2024\/04\/438501b6-a5ce-4b97-8567-7cd416ebd32c-768x1148.jpeg 768w, http:\/\/mv-niederhosenbach.de\/wp-content\/uploads\/2024\/04\/438501b6-a5ce-4b97-8567-7cd416ebd32c-1028x1536.jpeg 1028w, http:\/\/mv-niederhosenbach.de\/wp-content\/uploads\/2024\/04\/438501b6-a5ce-4b97-8567-7cd416ebd32c.jpeg 1370w\" sizes=\"auto, (max-width: 685px) 100vw, 685px\" \/><\/figure>\n<\/div>\n\n\n<hr class=\"wp-block-separator has-text-color has-black-color has-alpha-channel-opacity has-black-background-color has-background is-style-wide\"\/>\n\n\n\n<h2 class=\"wp-block-heading has-text-align-center\">Brunnenfest in Hochscheid<\/h2>\n\n\n<div class=\"wp-block-image\">\n<figure class=\"aligncenter size-large\"><img loading=\"lazy\" decoding=\"async\" width=\"1024\" height=\"1024\" src=\"http:\/\/mv-niederhosenbach.de\/wp-content\/uploads\/2026\/01\/Brunnenfest-in-Hochscheid-1024x1024.jpg\" alt=\"\" class=\"wp-image-1091\" srcset=\"http:\/\/mv-niederhosenbach.de\/wp-content\/uploads\/2026\/01\/Brunnenfest-in-Hochscheid-1024x1024.jpg 1024w, http:\/\/mv-niederhosenbach.de\/wp-content\/uploads\/2026\/01\/Brunnenfest-in-Hochscheid-300x300.jpg 300w, http:\/\/mv-niederhosenbach.de\/wp-content\/uploads\/2026\/01\/Brunnenfest-in-Hochscheid-150x150.jpg 150w, http:\/\/mv-niederhosenbach.de\/wp-content\/uploads\/2026\/01\/Brunnenfest-in-Hochscheid-768x768.jpg 768w, http:\/\/mv-niederhosenbach.de\/wp-content\/uploads\/2026\/01\/Brunnenfest-in-Hochscheid-1536x1536.jpg 1536w, http:\/\/mv-niederhosenbach.de\/wp-content\/uploads\/2026\/01\/Brunnenfest-in-Hochscheid-640x640.jpg 640w, http:\/\/mv-niederhosenbach.de\/wp-content\/uploads\/2026\/01\/Brunnenfest-in-Hochscheid-180x180.jpg 180w, http:\/\/mv-niederhosenbach.de\/wp-content\/uploads\/2026\/01\/Brunnenfest-in-Hochscheid-50x50.jpg 50w, http:\/\/mv-niederhosenbach.de\/wp-content\/uploads\/2026\/01\/Brunnenfest-in-Hochscheid.jpg 2048w\" sizes=\"auto, (max-width: 1024px) 100vw, 1024px\" \/><\/figure>\n<\/div>\n\n\n<hr class=\"wp-block-separator has-text-color has-black-color has-alpha-channel-opacity has-black-background-color has-background is-style-wide\"\/>\n\n\n\n<h2 class=\"wp-block-heading has-text-align-center\">Jubil\u00e4umsfest Hunsr\u00fcckmusikanten Lieg<\/h2>\n\n\n<div class=\"wp-block-image\">\n<figure class=\"aligncenter size-large\"><img loading=\"lazy\" decoding=\"async\" width=\"1024\" height=\"1024\" src=\"http:\/\/mv-niederhosenbach.de\/wp-content\/uploads\/2026\/01\/Lieg-2024-1024x1024.jpg\" alt=\"\" class=\"wp-image-1092\" srcset=\"http:\/\/mv-niederhosenbach.de\/wp-content\/uploads\/2026\/01\/Lieg-2024-1024x1024.jpg 1024w, http:\/\/mv-niederhosenbach.de\/wp-content\/uploads\/2026\/01\/Lieg-2024-300x300.jpg 300w, http:\/\/mv-niederhosenbach.de\/wp-content\/uploads\/2026\/01\/Lieg-2024-150x150.jpg 150w, http:\/\/mv-niederhosenbach.de\/wp-content\/uploads\/2026\/01\/Lieg-2024-768x768.jpg 768w, http:\/\/mv-niederhosenbach.de\/wp-content\/uploads\/2026\/01\/Lieg-2024-1536x1536.jpg 1536w, http:\/\/mv-niederhosenbach.de\/wp-content\/uploads\/2026\/01\/Lieg-2024-640x640.jpg 640w, http:\/\/mv-niederhosenbach.de\/wp-content\/uploads\/2026\/01\/Lieg-2024-180x180.jpg 180w, http:\/\/mv-niederhosenbach.de\/wp-content\/uploads\/2026\/01\/Lieg-2024-50x50.jpg 50w, http:\/\/mv-niederhosenbach.de\/wp-content\/uploads\/2026\/01\/Lieg-2024.jpg 2048w\" sizes=\"auto, (max-width: 1024px) 100vw, 1024px\" \/><\/figure>\n<\/div>\n\n\n<hr class=\"wp-block-separator has-text-color has-black-color has-alpha-channel-opacity has-black-background-color has-background is-style-wide\"\/>\n\n\n\n<h2 class=\"wp-block-heading has-text-align-center\">Oktoberfest<\/h2>\n\n\n\n<div class=\"wp-block-columns is-layout-flex wp-container-core-columns-is-layout-9d6595d7 wp-block-columns-is-layout-flex\">\n<div class=\"wp-block-column is-layout-flow wp-block-column-is-layout-flow\">\n<figure class=\"wp-block-image size-large\"><img loading=\"lazy\" decoding=\"async\" width=\"1024\" height=\"1024\" src=\"http:\/\/mv-niederhosenbach.de\/wp-content\/uploads\/2026\/01\/Essen-Oktoberfest-2024-1024x1024.jpg\" alt=\"\" class=\"wp-image-1093\" srcset=\"http:\/\/mv-niederhosenbach.de\/wp-content\/uploads\/2026\/01\/Essen-Oktoberfest-2024-1024x1024.jpg 1024w, http:\/\/mv-niederhosenbach.de\/wp-content\/uploads\/2026\/01\/Essen-Oktoberfest-2024-300x300.jpg 300w, http:\/\/mv-niederhosenbach.de\/wp-content\/uploads\/2026\/01\/Essen-Oktoberfest-2024-150x150.jpg 150w, http:\/\/mv-niederhosenbach.de\/wp-content\/uploads\/2026\/01\/Essen-Oktoberfest-2024-768x768.jpg 768w, http:\/\/mv-niederhosenbach.de\/wp-content\/uploads\/2026\/01\/Essen-Oktoberfest-2024-1536x1536.jpg 1536w, http:\/\/mv-niederhosenbach.de\/wp-content\/uploads\/2026\/01\/Essen-Oktoberfest-2024-640x640.jpg 640w, http:\/\/mv-niederhosenbach.de\/wp-content\/uploads\/2026\/01\/Essen-Oktoberfest-2024-180x180.jpg 180w, http:\/\/mv-niederhosenbach.de\/wp-content\/uploads\/2026\/01\/Essen-Oktoberfest-2024-50x50.jpg 50w, http:\/\/mv-niederhosenbach.de\/wp-content\/uploads\/2026\/01\/Essen-Oktoberfest-2024.jpg 2048w\" sizes=\"auto, (max-width: 1024px) 100vw, 1024px\" \/><\/figure>\n<\/div>\n\n\n\n<div class=\"wp-block-column is-layout-flow wp-block-column-is-layout-flow\">\n<figure class=\"wp-block-image size-large\"><img loading=\"lazy\" decoding=\"async\" width=\"1024\" height=\"1024\" src=\"http:\/\/mv-niederhosenbach.de\/wp-content\/uploads\/2026\/01\/Oktoberfest-2024-1024x1024.jpg\" alt=\"\" class=\"wp-image-1094\" srcset=\"http:\/\/mv-niederhosenbach.de\/wp-content\/uploads\/2026\/01\/Oktoberfest-2024-1024x1024.jpg 1024w, http:\/\/mv-niederhosenbach.de\/wp-content\/uploads\/2026\/01\/Oktoberfest-2024-300x300.jpg 300w, http:\/\/mv-niederhosenbach.de\/wp-content\/uploads\/2026\/01\/Oktoberfest-2024-150x150.jpg 150w, http:\/\/mv-niederhosenbach.de\/wp-content\/uploads\/2026\/01\/Oktoberfest-2024-768x768.jpg 768w, http:\/\/mv-niederhosenbach.de\/wp-content\/uploads\/2026\/01\/Oktoberfest-2024-1536x1536.jpg 1536w, http:\/\/mv-niederhosenbach.de\/wp-content\/uploads\/2026\/01\/Oktoberfest-2024-640x640.jpg 640w, http:\/\/mv-niederhosenbach.de\/wp-content\/uploads\/2026\/01\/Oktoberfest-2024-180x180.jpg 180w, http:\/\/mv-niederhosenbach.de\/wp-content\/uploads\/2026\/01\/Oktoberfest-2024-50x50.jpg 50w, http:\/\/mv-niederhosenbach.de\/wp-content\/uploads\/2026\/01\/Oktoberfest-2024.jpg 2048w\" sizes=\"auto, (max-width: 1024px) 100vw, 1024px\" \/><\/figure>\n<\/div>\n<\/div>\n\n\n\n<hr class=\"wp-block-separator has-text-color has-black-color has-alpha-channel-opacity has-black-background-color has-background is-style-wide\"\/>\n\n\n\n<h2 class=\"wp-block-heading has-text-align-center\">Martinimarkt Herrstein<\/h2>\n\n\n<div class=\"wp-block-image\">\n<figure class=\"aligncenter size-large\"><img loading=\"lazy\" decoding=\"async\" width=\"1024\" height=\"1024\" src=\"http:\/\/mv-niederhosenbach.de\/wp-content\/uploads\/2026\/01\/Martinimarkt-2024-1024x1024.jpg\" alt=\"\" class=\"wp-image-1095\" srcset=\"http:\/\/mv-niederhosenbach.de\/wp-content\/uploads\/2026\/01\/Martinimarkt-2024-1024x1024.jpg 1024w, http:\/\/mv-niederhosenbach.de\/wp-content\/uploads\/2026\/01\/Martinimarkt-2024-300x300.jpg 300w, http:\/\/mv-niederhosenbach.de\/wp-content\/uploads\/2026\/01\/Martinimarkt-2024-150x150.jpg 150w, http:\/\/mv-niederhosenbach.de\/wp-content\/uploads\/2026\/01\/Martinimarkt-2024-768x768.jpg 768w, http:\/\/mv-niederhosenbach.de\/wp-content\/uploads\/2026\/01\/Martinimarkt-2024-1536x1536.jpg 1536w, http:\/\/mv-niederhosenbach.de\/wp-content\/uploads\/2026\/01\/Martinimarkt-2024-640x640.jpg 640w, http:\/\/mv-niederhosenbach.de\/wp-content\/uploads\/2026\/01\/Martinimarkt-2024-180x180.jpg 180w, http:\/\/mv-niederhosenbach.de\/wp-content\/uploads\/2026\/01\/Martinimarkt-2024-50x50.jpg 50w, http:\/\/mv-niederhosenbach.de\/wp-content\/uploads\/2026\/01\/Martinimarkt-2024.jpg 2048w\" sizes=\"auto, (max-width: 1024px) 100vw, 1024px\" \/><\/figure>\n<\/div>\n\n\n<hr class=\"wp-block-separator has-text-color has-black-color has-alpha-channel-opacity has-black-background-color has-background is-style-wide\"\/>\n\n\n\n<h2 class=\"wp-block-heading has-text-align-center\">Adventskonzert in Sien<\/h2>\n\n\n\n<figure class=\"wp-block-image size-large\"><img loading=\"lazy\" decoding=\"async\" width=\"1024\" height=\"768\" src=\"http:\/\/mv-niederhosenbach.de\/wp-content\/uploads\/2026\/01\/Adventskonzert-2024-1024x768.jpg\" alt=\"\" class=\"wp-image-1096\" srcset=\"http:\/\/mv-niederhosenbach.de\/wp-content\/uploads\/2026\/01\/Adventskonzert-2024-1024x768.jpg 1024w, http:\/\/mv-niederhosenbach.de\/wp-content\/uploads\/2026\/01\/Adventskonzert-2024-300x225.jpg 300w, http:\/\/mv-niederhosenbach.de\/wp-content\/uploads\/2026\/01\/Adventskonzert-2024-768x576.jpg 768w, http:\/\/mv-niederhosenbach.de\/wp-content\/uploads\/2026\/01\/Adventskonzert-2024-1536x1152.jpg 1536w, http:\/\/mv-niederhosenbach.de\/wp-content\/uploads\/2026\/01\/Adventskonzert-2024-960x720.jpg 960w, http:\/\/mv-niederhosenbach.de\/wp-content\/uploads\/2026\/01\/Adventskonzert-2024-640x480.jpg 640w, http:\/\/mv-niederhosenbach.de\/wp-content\/uploads\/2026\/01\/Adventskonzert-2024.jpg 2000w\" sizes=\"auto, (max-width: 1024px) 100vw, 1024px\" \/><\/figure>\n\n\n\n<hr class=\"wp-block-separator has-text-color has-black-color has-alpha-channel-opacity has-black-background-color has-background is-style-wide\"\/>\n\n\n\n<p><\/p>\n","protected":false},"excerpt":{"rendered":"<p>Fastnacht Konzert in B\u00e4renbach Brunnenfest in Hochscheid Jubil\u00e4umsfest Hunsr\u00fcckmusikanten Lieg Oktoberfest Martinimarkt Herrstein Adventskonzert in Sien<\/p>\n","protected":false},"author":1,"featured_media":0,"parent":0,"menu_order":0,"comment_status":"closed","ping_status":"closed","template":"","meta":{"footnotes":""},"class_list":["post-1090","page","type-page","status-publish","hentry"],"_links":{"self":[{"href":"http:\/\/mv-niederhosenbach.de\/index.php?rest_route=\/wp\/v2\/pages\/1090","targetHints":{"allow":["GET"]}}],"collection":[{"href":"http:\/\/mv-niederhosenbach.de\/index.php?rest_route=\/wp\/v2\/pages"}],"about":[{"href":"http:\/\/mv-niederhosenbach.de\/index.php?rest_route=\/wp\/v2\/types\/page"}],"author":[{"embeddable":true,"href":"http:\/\/mv-niederhosenbach.de\/index.php?rest_route=\/wp\/v2\/users\/1"}],"replies":[{"embeddable":true,"href":"http:\/\/mv-niederhosenbach.de\/index.php?rest_route=%2Fwp%2Fv2%2Fcomments&post=1090"}],"version-history":[{"count":1,"href":"http:\/\/mv-niederhosenbach.de\/index.php?rest_route=\/wp\/v2\/pages\/1090\/revisions"}],"predecessor-version":[{"id":1098,"href":"http:\/\/mv-niederhosenbach.de\/index.php?rest_route=\/wp\/v2\/pages\/1090\/revisions\/1098"}],"wp:attachment":[{"href":"http:\/\/mv-niederhosenbach.de\/index.php?rest_route=%2Fwp%2Fv2%2Fmedia&parent=1090"}],"curies":[{"name":"wp","href":"https:\/\/api.w.org\/{rel}","templated":true}]}}