{"id":1148,"date":"2026-05-04T18:32:18","date_gmt":"2026-05-04T18:32:18","guid":{"rendered":"http:\/\/mv-niederhosenbach.de\/?page_id=1148"},"modified":"2026-05-05T09:17:52","modified_gmt":"2026-05-05T09:17:52","slug":"2026-2","status":"publish","type":"page","link":"http:\/\/mv-niederhosenbach.de\/?page_id=1148","title":{"rendered":"2026"},"content":{"rendered":"\n<h2 class=\"wp-block-heading has-text-align-center\">Fastnacht<\/h2>\n\n\n\n<figure class=\"wp-block-image size-large\"><img loading=\"lazy\" decoding=\"async\" width=\"1024\" height=\"606\" src=\"http:\/\/mv-niederhosenbach.de\/wp-content\/uploads\/2026\/02\/d276db23-97ba-4dae-a69a-dc8753a0c40d-1024x606.jpeg\" alt=\"\" class=\"wp-image-1129\" srcset=\"http:\/\/mv-niederhosenbach.de\/wp-content\/uploads\/2026\/02\/d276db23-97ba-4dae-a69a-dc8753a0c40d-1024x606.jpeg 1024w, http:\/\/mv-niederhosenbach.de\/wp-content\/uploads\/2026\/02\/d276db23-97ba-4dae-a69a-dc8753a0c40d-300x178.jpeg 300w, http:\/\/mv-niederhosenbach.de\/wp-content\/uploads\/2026\/02\/d276db23-97ba-4dae-a69a-dc8753a0c40d-768x455.jpeg 768w, http:\/\/mv-niederhosenbach.de\/wp-content\/uploads\/2026\/02\/d276db23-97ba-4dae-a69a-dc8753a0c40d-1536x909.jpeg 1536w, http:\/\/mv-niederhosenbach.de\/wp-content\/uploads\/2026\/02\/d276db23-97ba-4dae-a69a-dc8753a0c40d.jpeg 1600w\" sizes=\"auto, (max-width: 1024px) 100vw, 1024px\" \/><\/figure>\n\n\n\n<p>Was f\u00fcr ein gro\u00dfartiger Faschingsumzug in Fischbach. Auch dieses Jahr war unser Musikverein wieder mit dabei \u2013 und diesmal als Postboten unter dem Motto: \u201eBei uns geht die Post ab!\u201c Mit viel guter Laune, schwungvoller Musik und jeder Menge S\u00fc\u00dfigkeiten haben wir die Stra\u00dfen zum Beben gebracht.&nbsp;<br>Am Rosenmontag fiel der Umzug leider dem Wetter zum Opfer. Doch die gute Laune haben wir uns davon nicht verderben lassen. Stattdessen wurden im Gemeinschaftshaus gemeinsam Eier gebacken und bei bester Faschingsmusik fr\u00f6hlich weitergefeiert.&nbsp;<br>Danke an alle, die mit uns gefeiert haben \u2013 wir freuen uns schon auf das n\u00e4chste Jahr!<\/p>\n\n\n\n<hr class=\"wp-block-separator has-text-color has-black-color has-alpha-channel-opacity has-black-background-color has-background is-style-wide\"\/>\n\n\n\n<h2 class=\"wp-block-heading has-text-align-center\">Probewochenende<\/h2>\n\n\n\n<div class=\"wp-block-columns is-layout-flex wp-container-core-columns-is-layout-9d6595d7 wp-block-columns-is-layout-flex\">\n<div class=\"wp-block-column is-layout-flow wp-block-column-is-layout-flow\">\n<figure class=\"wp-block-image size-large\"><img loading=\"lazy\" decoding=\"async\" width=\"1024\" height=\"768\" src=\"http:\/\/mv-niederhosenbach.de\/wp-content\/uploads\/2026\/05\/Satzprobe-Schlagzeuger-2026-1024x768.jpg\" alt=\"\" class=\"wp-image-1168\" srcset=\"http:\/\/mv-niederhosenbach.de\/wp-content\/uploads\/2026\/05\/Satzprobe-Schlagzeuger-2026-1024x768.jpg 1024w, http:\/\/mv-niederhosenbach.de\/wp-content\/uploads\/2026\/05\/Satzprobe-Schlagzeuger-2026-300x225.jpg 300w, http:\/\/mv-niederhosenbach.de\/wp-content\/uploads\/2026\/05\/Satzprobe-Schlagzeuger-2026-768x576.jpg 768w, http:\/\/mv-niederhosenbach.de\/wp-content\/uploads\/2026\/05\/Satzprobe-Schlagzeuger-2026-1536x1152.jpg 1536w, http:\/\/mv-niederhosenbach.de\/wp-content\/uploads\/2026\/05\/Satzprobe-Schlagzeuger-2026-960x720.jpg 960w, http:\/\/mv-niederhosenbach.de\/wp-content\/uploads\/2026\/05\/Satzprobe-Schlagzeuger-2026-640x480.jpg 640w, http:\/\/mv-niederhosenbach.de\/wp-content\/uploads\/2026\/05\/Satzprobe-Schlagzeuger-2026.jpg 1600w\" sizes=\"auto, (max-width: 1024px) 100vw, 1024px\" \/><\/figure>\n<\/div>\n\n\n\n<div class=\"wp-block-column is-layout-flow wp-block-column-is-layout-flow\">\n<figure class=\"wp-block-image size-large\"><img loading=\"lazy\" decoding=\"async\" width=\"768\" height=\"1024\" src=\"http:\/\/mv-niederhosenbach.de\/wp-content\/uploads\/2026\/05\/Holz-ProWo-2026-768x1024.jpg\" alt=\"\" class=\"wp-image-1170\" srcset=\"http:\/\/mv-niederhosenbach.de\/wp-content\/uploads\/2026\/05\/Holz-ProWo-2026-768x1024.jpg 768w, http:\/\/mv-niederhosenbach.de\/wp-content\/uploads\/2026\/05\/Holz-ProWo-2026-225x300.jpg 225w, http:\/\/mv-niederhosenbach.de\/wp-content\/uploads\/2026\/05\/Holz-ProWo-2026-1152x1536.jpg 1152w, http:\/\/mv-niederhosenbach.de\/wp-content\/uploads\/2026\/05\/Holz-ProWo-2026-1536x2048.jpg 1536w, http:\/\/mv-niederhosenbach.de\/wp-content\/uploads\/2026\/05\/Holz-ProWo-2026-scaled.jpg 1920w\" sizes=\"auto, (max-width: 768px) 100vw, 768px\" \/><\/figure>\n<\/div>\n\n\n\n<div class=\"wp-block-column is-layout-flow wp-block-column-is-layout-flow\">\n<figure class=\"wp-block-image size-large\"><img loading=\"lazy\" decoding=\"async\" width=\"768\" height=\"1024\" src=\"http:\/\/mv-niederhosenbach.de\/wp-content\/uploads\/2026\/05\/tiefes-Blech-ProWo-2026-768x1024.jpg\" alt=\"\" class=\"wp-image-1171\" srcset=\"http:\/\/mv-niederhosenbach.de\/wp-content\/uploads\/2026\/05\/tiefes-Blech-ProWo-2026-768x1024.jpg 768w, http:\/\/mv-niederhosenbach.de\/wp-content\/uploads\/2026\/05\/tiefes-Blech-ProWo-2026-225x300.jpg 225w, http:\/\/mv-niederhosenbach.de\/wp-content\/uploads\/2026\/05\/tiefes-Blech-ProWo-2026-1152x1536.jpg 1152w, http:\/\/mv-niederhosenbach.de\/wp-content\/uploads\/2026\/05\/tiefes-Blech-ProWo-2026-1536x2048.jpg 1536w, http:\/\/mv-niederhosenbach.de\/wp-content\/uploads\/2026\/05\/tiefes-Blech-ProWo-2026-scaled.jpg 1920w\" sizes=\"auto, (max-width: 768px) 100vw, 768px\" \/><\/figure>\n<\/div>\n<\/div>\n\n\n\n<p>Ein intensives und erfolgreiches Probewochenende!<br>In den Satzproben konnten wir wieder viel dazulernen und an Details feilen. Ein gro\u00dfes Dankesch\u00f6n geht an unsere Dozenten Jan Epp (Trompeten), Christian Ruhnke (Querfl\u00f6ten\/Oboen), Anke Rief (H\u00f6rner), Bernd Friedmann (tiefes Blech), Mario Koch (Klarinetten\/Saxophone) und Marc Weber (Schlagzeug), die uns mit ihrer Erfahrung, Geduld und Leidenschaft unterst\u00fctzt haben. Besonders sch\u00f6n: Mittlerweile sind alle unsere Dozenten echte Stammg\u00e4ste geworden &#8211; wir freuen uns jedes Mal aufs Neue auf die Zusammenarbeit!<\/p>\n\n\n\n<div class=\"wp-block-columns is-layout-flex wp-container-core-columns-is-layout-9d6595d7 wp-block-columns-is-layout-flex\">\n<div class=\"wp-block-column is-layout-flow wp-block-column-is-layout-flow\">\n<figure class=\"wp-block-image size-large\"><img loading=\"lazy\" decoding=\"async\" width=\"768\" height=\"1024\" src=\"http:\/\/mv-niederhosenbach.de\/wp-content\/uploads\/2026\/05\/Hoerner-ProWo-2026-768x1024.jpg\" alt=\"\" class=\"wp-image-1173\" srcset=\"http:\/\/mv-niederhosenbach.de\/wp-content\/uploads\/2026\/05\/Hoerner-ProWo-2026-768x1024.jpg 768w, http:\/\/mv-niederhosenbach.de\/wp-content\/uploads\/2026\/05\/Hoerner-ProWo-2026-225x300.jpg 225w, http:\/\/mv-niederhosenbach.de\/wp-content\/uploads\/2026\/05\/Hoerner-ProWo-2026-1152x1536.jpg 1152w, http:\/\/mv-niederhosenbach.de\/wp-content\/uploads\/2026\/05\/Hoerner-ProWo-2026-1536x2048.jpg 1536w, http:\/\/mv-niederhosenbach.de\/wp-content\/uploads\/2026\/05\/Hoerner-ProWo-2026-scaled.jpg 1920w\" sizes=\"auto, (max-width: 768px) 100vw, 768px\" \/><\/figure>\n<\/div>\n\n\n\n<div class=\"wp-block-column is-layout-flow wp-block-column-is-layout-flow\">\n<figure class=\"wp-block-image size-large\"><img loading=\"lazy\" decoding=\"async\" width=\"768\" height=\"1024\" src=\"http:\/\/mv-niederhosenbach.de\/wp-content\/uploads\/2026\/05\/Gesamtprobe-ProWo-2026-768x1024.jpg\" alt=\"\" class=\"wp-image-1174\" srcset=\"http:\/\/mv-niederhosenbach.de\/wp-content\/uploads\/2026\/05\/Gesamtprobe-ProWo-2026-768x1024.jpg 768w, http:\/\/mv-niederhosenbach.de\/wp-content\/uploads\/2026\/05\/Gesamtprobe-ProWo-2026-225x300.jpg 225w, http:\/\/mv-niederhosenbach.de\/wp-content\/uploads\/2026\/05\/Gesamtprobe-ProWo-2026-1152x1536.jpg 1152w, http:\/\/mv-niederhosenbach.de\/wp-content\/uploads\/2026\/05\/Gesamtprobe-ProWo-2026-1536x2048.jpg 1536w, http:\/\/mv-niederhosenbach.de\/wp-content\/uploads\/2026\/05\/Gesamtprobe-ProWo-2026-scaled.jpg 1920w\" sizes=\"auto, (max-width: 768px) 100vw, 768px\" \/><\/figure>\n<\/div>\n\n\n\n<div class=\"wp-block-column is-layout-flow wp-block-column-is-layout-flow\">\n<figure class=\"wp-block-image size-large\"><img loading=\"lazy\" decoding=\"async\" width=\"768\" height=\"1024\" src=\"http:\/\/mv-niederhosenbach.de\/wp-content\/uploads\/2026\/05\/Floeten-und-Oboen-ProWo-2026-768x1024.jpg\" alt=\"\" class=\"wp-image-1175\" srcset=\"http:\/\/mv-niederhosenbach.de\/wp-content\/uploads\/2026\/05\/Floeten-und-Oboen-ProWo-2026-768x1024.jpg 768w, http:\/\/mv-niederhosenbach.de\/wp-content\/uploads\/2026\/05\/Floeten-und-Oboen-ProWo-2026-225x300.jpg 225w, http:\/\/mv-niederhosenbach.de\/wp-content\/uploads\/2026\/05\/Floeten-und-Oboen-ProWo-2026-1152x1536.jpg 1152w, http:\/\/mv-niederhosenbach.de\/wp-content\/uploads\/2026\/05\/Floeten-und-Oboen-ProWo-2026-1536x2048.jpg 1536w, http:\/\/mv-niederhosenbach.de\/wp-content\/uploads\/2026\/05\/Floeten-und-Oboen-ProWo-2026-scaled.jpg 1920w\" sizes=\"auto, (max-width: 768px) 100vw, 768px\" \/><\/figure>\n<\/div>\n<\/div>\n\n\n\n<hr class=\"wp-block-separator has-text-color has-black-color has-alpha-channel-opacity has-black-background-color has-background is-style-wide\"\/>\n\n\n\n<h2 class=\"wp-block-heading has-text-align-center\">Konzerte mit der Chorgemeinschaft Vivace<\/h2>\n\n\n\n<div class=\"wp-block-columns is-layout-flex wp-container-core-columns-is-layout-9d6595d7 wp-block-columns-is-layout-flex\">\n<div class=\"wp-block-column is-layout-flow wp-block-column-is-layout-flow\">\n<figure class=\"wp-block-image size-large\"><img loading=\"lazy\" decoding=\"async\" width=\"1024\" height=\"764\" src=\"http:\/\/mv-niederhosenbach.de\/wp-content\/uploads\/2026\/03\/image-2-1024x764.png\" alt=\"\" class=\"wp-image-1136\" srcset=\"http:\/\/mv-niederhosenbach.de\/wp-content\/uploads\/2026\/03\/image-2-1024x764.png 1024w, http:\/\/mv-niederhosenbach.de\/wp-content\/uploads\/2026\/03\/image-2-300x224.png 300w, http:\/\/mv-niederhosenbach.de\/wp-content\/uploads\/2026\/03\/image-2-768x573.png 768w, http:\/\/mv-niederhosenbach.de\/wp-content\/uploads\/2026\/03\/image-2.png 1440w\" sizes=\"auto, (max-width: 1024px) 100vw, 1024px\" \/><\/figure>\n<\/div>\n\n\n\n<div class=\"wp-block-column is-layout-flow wp-block-column-is-layout-flow\">\n<figure class=\"wp-block-image size-large\"><img loading=\"lazy\" decoding=\"async\" width=\"745\" height=\"1024\" src=\"http:\/\/mv-niederhosenbach.de\/wp-content\/uploads\/2026\/03\/image-745x1024.png\" alt=\"\" class=\"wp-image-1134\" srcset=\"http:\/\/mv-niederhosenbach.de\/wp-content\/uploads\/2026\/03\/image-745x1024.png 745w, http:\/\/mv-niederhosenbach.de\/wp-content\/uploads\/2026\/03\/image-218x300.png 218w, http:\/\/mv-niederhosenbach.de\/wp-content\/uploads\/2026\/03\/image-768x1056.png 768w, http:\/\/mv-niederhosenbach.de\/wp-content\/uploads\/2026\/03\/image-1117x1536.png 1117w, http:\/\/mv-niederhosenbach.de\/wp-content\/uploads\/2026\/03\/image.png 1489w\" sizes=\"auto, (max-width: 745px) 100vw, 745px\" \/><\/figure>\n<\/div>\n\n\n\n<div class=\"wp-block-column is-layout-flow wp-block-column-is-layout-flow\">\n<figure class=\"wp-block-image size-large\"><img loading=\"lazy\" decoding=\"async\" width=\"1024\" height=\"759\" src=\"http:\/\/mv-niederhosenbach.de\/wp-content\/uploads\/2026\/03\/image-1-1024x759.png\" alt=\"\" class=\"wp-image-1135\" srcset=\"http:\/\/mv-niederhosenbach.de\/wp-content\/uploads\/2026\/03\/image-1-1024x759.png 1024w, http:\/\/mv-niederhosenbach.de\/wp-content\/uploads\/2026\/03\/image-1-300x223.png 300w, http:\/\/mv-niederhosenbach.de\/wp-content\/uploads\/2026\/03\/image-1-768x570.png 768w, http:\/\/mv-niederhosenbach.de\/wp-content\/uploads\/2026\/03\/image-1.png 1440w\" sizes=\"auto, (max-width: 1024px) 100vw, 1024px\" \/><\/figure>\n<\/div>\n<\/div>\n\n\n\n<hr class=\"wp-block-separator has-text-color has-black-color has-alpha-channel-opacity has-black-background-color has-background is-style-wide\"\/>\n\n\n\n<p><\/p>\n","protected":false},"excerpt":{"rendered":"<p>Fastnacht Was f\u00fcr ein gro\u00dfartiger Faschingsumzug in Fischbach. Auch dieses Jahr war unser Musikverein wieder mit dabei \u2013 und diesmal als Postboten unter dem Motto: \u201eBei uns geht die Post<a href=\"http:\/\/mv-niederhosenbach.de\/?page_id=1148\" class=\"more-link\"><span class=\"readmore\">Continue reading<span class=\"screen-reader-text\">2026<\/span><\/span><\/a><\/p>\n","protected":false},"author":1,"featured_media":0,"parent":0,"menu_order":0,"comment_status":"closed","ping_status":"closed","template":"","meta":{"footnotes":""},"class_list":["post-1148","page","type-page","status-publish","hentry"],"_links":{"self":[{"href":"http:\/\/mv-niederhosenbach.de\/index.php?rest_route=\/wp\/v2\/pages\/1148","targetHints":{"allow":["GET"]}}],"collection":[{"href":"http:\/\/mv-niederhosenbach.de\/index.php?rest_route=\/wp\/v2\/pages"}],"about":[{"href":"http:\/\/mv-niederhosenbach.de\/index.php?rest_route=\/wp\/v2\/types\/page"}],"author":[{"embeddable":true,"href":"http:\/\/mv-niederhosenbach.de\/index.php?rest_route=\/wp\/v2\/users\/1"}],"replies":[{"embeddable":true,"href":"http:\/\/mv-niederhosenbach.de\/index.php?rest_route=%2Fwp%2Fv2%2Fcomments&post=1148"}],"version-history":[{"count":4,"href":"http:\/\/mv-niederhosenbach.de\/index.php?rest_route=\/wp\/v2\/pages\/1148\/revisions"}],"predecessor-version":[{"id":1176,"href":"http:\/\/mv-niederhosenbach.de\/index.php?rest_route=\/wp\/v2\/pages\/1148\/revisions\/1176"}],"wp:attachment":[{"href":"http:\/\/mv-niederhosenbach.de\/index.php?rest_route=%2Fwp%2Fv2%2Fmedia&parent=1148"}],"curies":[{"name":"wp","href":"https:\/\/api.w.org\/{rel}","templated":true}]}}