{"id":230,"date":"2019-11-21T20:53:53","date_gmt":"2019-11-21T20:53:53","guid":{"rendered":"http:\/\/mv-niederhosenbach.de\/?page_id=230"},"modified":"2019-11-21T20:53:53","modified_gmt":"2019-11-21T20:53:53","slug":"datenschutz","status":"publish","type":"page","link":"http:\/\/mv-niederhosenbach.de\/?page_id=230","title":{"rendered":"Datenschutz"},"content":{"rendered":"<p>Wir freuen uns \u00fcber Ihr Interesse an unserem Webauftritt unter der URL http:\/\/mv-niederhosenbach.de (nachfolgend \u201eWebsite\u201c genannt). Nachstehend informieren wir Sie ausf\u00fchrlich \u00fcber den Umgang mit Ihren Daten, soweit Sie unsere Services in Anspruch nehmen.<\/p>\n<p><b>Verantwortlichkeit<\/b><br \/>\nVerantwortliche im Sinne des Datenschutzrechts ist der Musikverein \u201eGloria\u201c 1953 Niederhosenbach e.V., gesetzlich vertreten durch Axel Herrmann (06785\/495, herrmannwo@web.de), nachfolgend \u201ewir\u201c genannt.<\/p>\n<p><b>Cookies<\/b><br \/>\nDie Internetseiten verwenden teilweise so genannte Cookies. Cookies richten auf Ihrem Rechner keinen Schaden an und enthalten keine Viren. Cookies dienen dazu, unser Angebot nutzerfreundlicher, effektiver und sicherer zu machen. Cookies sind kleine Textdateien, die auf Ihrem Rechner abgelegt werden und die Ihr Browser speichert. Die meisten der von uns verwendeten Cookies sind so genannte \u201eSession-Cookies\u201c. Sie werden nach Ende Ihres Besuchs automatisch gel\u00f6scht. Andere Cookies bleiben auf Ihrem Endger\u00e4t gespeichert, bis Sie diese l\u00f6schen. Diese Cookies erm\u00f6glichen es uns, Ihren Browser beim n\u00e4chsten Besuch wiederzuerkennen. Sie k\u00f6nnen Ihren Browser so einstellen, dass Sie \u00fcber das Setzen von Cookies informiert werden und Cookies nur im Einzelfall erlauben, die Annahme von Cookies f\u00fcr bestimmte F\u00e4lle oder generell ausschlie\u00dfen sowie das automatische L\u00f6schen der Cookies beim Schlie\u00dfen des Browser aktivieren. Bei der Deaktivierung von Cookies kann die Funktionalit\u00e4t dieser Website eingeschr\u00e4nkt sein.<\/p>\n<p><b>Datenverarbeitung<\/b><br \/>\nWir erheben und speichern automatisch in ihren Server Log Files Informationen, die Ihr Browser an uns \u00fcbermittelt. Dies sind:<br \/>\n\u2013 Browsertyp \/ -version<br \/>\n\u2013 Hostname des zugreifenden Rechners (IP Adresse)<br \/>\n\u2013 Uhrzeit der Serveranfrage<br \/>\nDiese Daten sind f\u00fcr uns nicht bestimmten Personen zuordenbar. Eine Zusammenf\u00fchrung dieser Daten mit anderen Datenquellen wird nicht vorgenommen. Wir behalten uns vor, diese Daten nachtr\u00e4glich zu pr\u00fcfen, wenn uns konkrete Anhaltspunkte f\u00fcr eine rechtswidrige Nutzung bekannt werden.<\/p>\n<p><b>Weitergabe Ihrer Daten<\/b><br \/>\nWir geben Ihre Daten nur an Dritte weiter, wenn wir hierzu aufgrund des geltenden Rechts berechtigt oder verpflichtet sind. Gleiches gilt, wenn wir Ihre Daten von Dritten erhalten.<br \/>\nEine Berechtigung liegt auch dann vor, wenn Dritte die Daten in unserem Auftrag verarbeiten: Wenn wir unsere Gesch\u00e4ftst\u00e4tigkeiten (z.B. Betrieb der Website, Angebotsanpassung, Datenanalyse und gegebenenfalls Datenbereinigung, Zahlungsabwicklung) nicht selbst vornehmen, sondern von anderen Unternehmern vornehmen lassen, und diese T\u00e4tigkeiten mit der Verarbeitung Ihrer Daten verbunden ist, haben wir diese Unternehmen zuvor vertraglich verpflichtet, die Daten nur f\u00fcr die uns rechtlich erlaubten Zwecke zu verwenden. Wir sind befugt, diese Unternehmen insoweit zu kontrollieren.<\/p>\n<p><b>Datensicherheit<\/b><br \/>\nWir treffen alle notwendigen technischen und organisatorischen Sicherheitsma\u00dfnahmen, um Ihre personenbezogenen Daten vor Verlust und Missbrauch zu sch\u00fctzen. So werden Ihre Daten in einer sicheren Betriebsumgebung gespeichert, die der \u00d6ffentlichkeit nicht zug\u00e4nglich ist.<br \/>\nBitte ber\u00fccksichtigen Sie, dass wir uns zwar bem\u00fchen, eine sichere und zuverl\u00e4ssige Website f\u00fcr Nutzer zu gestalten, ein Zugriff Dritter jedoch nicht 100%ig ausgeschlossen werden kann.<br \/>\nBitte beachten Sie, dass bei der Kommunikation per E-Mail keine vollst\u00e4ndige Vertraulichkeit und Datensicherheit gew\u00e4hrleistet ist.<\/p>\n<p><b>Ihre Rechte (Auskunft, Berichtigung, Sperrung, L\u00f6schung, Widerspruch, Widerruf, \u00dcbertragung, Beschwerde)<\/b><br \/>\nSie haben jederzeit das Recht, unentgeltlich Auskunft dar\u00fcber zu erhalten, welche Daten \u00fcber Sie bei uns gespeichert sind und zu welchem Zweck die Speicherung erfolgt. Ferner k\u00f6nnen Sie den Datenverarbeitungen widersprechen und Ihre Daten durch uns auf jemand anderen \u00fcbertragen lassen. Dar\u00fcber hinaus sind Sie berechtigt, unrichtige Daten korrigieren und Daten sperren oder l\u00f6schen zu lassen, soweit die Speicherung unzul\u00e4ssig oder nicht mehr erforderlich ist. Zudem haben Sie das Recht, erteilte Einwilligungen mit Wirkung f\u00fcr die Zukunft zu widerrufen. Ihr jeweiliges Anliegen k\u00f6nnen Sie durch Nutzung der in Ziff. 1 genannten Kontaktdaten an uns richten.<br \/>\nNeben den zuvor genannten Rechten haben Sie au\u00dferdem grunds\u00e4tzlich das Recht, sich bei einer Datenschutzaufsichtsbeh\u00f6rde zu beschweren.<\/p>\n","protected":false},"excerpt":{"rendered":"<p>Wir freuen uns \u00fcber Ihr Interesse an unserem Webauftritt unter der URL http:\/\/mv-niederhosenbach.de (nachfolgend \u201eWebsite\u201c genannt). Nachstehend informieren wir Sie ausf\u00fchrlich \u00fcber den Umgang mit Ihren Daten, soweit Sie unsere<a href=\"http:\/\/mv-niederhosenbach.de\/?page_id=230\" class=\"more-link\"><span class=\"readmore\">Continue reading<span class=\"screen-reader-text\">Datenschutz<\/span><\/span><\/a><\/p>\n","protected":false},"author":1,"featured_media":0,"parent":0,"menu_order":0,"comment_status":"closed","ping_status":"closed","template":"","meta":{"footnotes":""},"class_list":["post-230","page","type-page","status-publish","hentry"],"_links":{"self":[{"href":"http:\/\/mv-niederhosenbach.de\/index.php?rest_route=\/wp\/v2\/pages\/230","targetHints":{"allow":["GET"]}}],"collection":[{"href":"http:\/\/mv-niederhosenbach.de\/index.php?rest_route=\/wp\/v2\/pages"}],"about":[{"href":"http:\/\/mv-niederhosenbach.de\/index.php?rest_route=\/wp\/v2\/types\/page"}],"author":[{"embeddable":true,"href":"http:\/\/mv-niederhosenbach.de\/index.php?rest_route=\/wp\/v2\/users\/1"}],"replies":[{"embeddable":true,"href":"http:\/\/mv-niederhosenbach.de\/index.php?rest_route=%2Fwp%2Fv2%2Fcomments&post=230"}],"version-history":[{"count":10,"href":"http:\/\/mv-niederhosenbach.de\/index.php?rest_route=\/wp\/v2\/pages\/230\/revisions"}],"predecessor-version":[{"id":242,"href":"http:\/\/mv-niederhosenbach.de\/index.php?rest_route=\/wp\/v2\/pages\/230\/revisions\/242"}],"wp:attachment":[{"href":"http:\/\/mv-niederhosenbach.de\/index.php?rest_route=%2Fwp%2Fv2%2Fmedia&parent=230"}],"curies":[{"name":"wp","href":"https:\/\/api.w.org\/{rel}","templated":true}]}}