{"id":501,"date":"2021-01-10T10:41:03","date_gmt":"2021-01-10T10:41:03","guid":{"rendered":"http:\/\/mv-niederhosenbach.de\/?page_id=501"},"modified":"2026-01-25T18:54:02","modified_gmt":"2026-01-25T18:54:02","slug":"veranstaltungen-2020","status":"publish","type":"page","link":"http:\/\/mv-niederhosenbach.de\/?page_id=501","title":{"rendered":"2020"},"content":{"rendered":"\n<h2 class=\"wp-block-heading has-text-align-center\">Fastnacht<\/h2>\n\n\n\n<div class=\"wp-block-columns is-layout-flex wp-container-core-columns-is-layout-9d6595d7 wp-block-columns-is-layout-flex\">\n<div class=\"wp-block-column is-layout-flow wp-block-column-is-layout-flow\">\n<figure class=\"wp-block-image size-full\"><img loading=\"lazy\" decoding=\"async\" width=\"720\" height=\"960\" src=\"http:\/\/mv-niederhosenbach.de\/wp-content\/uploads\/2026\/01\/Schild-Fastnacht-2020.jpg\" alt=\"\" class=\"wp-image-1065\" srcset=\"http:\/\/mv-niederhosenbach.de\/wp-content\/uploads\/2026\/01\/Schild-Fastnacht-2020.jpg 720w, http:\/\/mv-niederhosenbach.de\/wp-content\/uploads\/2026\/01\/Schild-Fastnacht-2020-225x300.jpg 225w\" sizes=\"auto, (max-width: 720px) 100vw, 720px\" \/><\/figure>\n<\/div>\n\n\n\n<div class=\"wp-block-column is-layout-flow wp-block-column-is-layout-flow\">\n<figure class=\"wp-block-image size-large\"><img loading=\"lazy\" decoding=\"async\" width=\"1024\" height=\"498\" src=\"http:\/\/mv-niederhosenbach.de\/wp-content\/uploads\/2026\/01\/Fastnacht-2020-1024x498.jpg\" alt=\"\" class=\"wp-image-1064\" srcset=\"http:\/\/mv-niederhosenbach.de\/wp-content\/uploads\/2026\/01\/Fastnacht-2020-1024x498.jpg 1024w, http:\/\/mv-niederhosenbach.de\/wp-content\/uploads\/2026\/01\/Fastnacht-2020-300x146.jpg 300w, http:\/\/mv-niederhosenbach.de\/wp-content\/uploads\/2026\/01\/Fastnacht-2020-768x373.jpg 768w, http:\/\/mv-niederhosenbach.de\/wp-content\/uploads\/2026\/01\/Fastnacht-2020.jpg 1316w\" sizes=\"auto, (max-width: 1024px) 100vw, 1024px\" \/><\/figure>\n<\/div>\n<\/div>\n\n\n\n<hr class=\"wp-block-separator has-text-color has-black-color has-alpha-channel-opacity has-black-background-color has-background is-style-wide\"\/>\n\n\n\n<h2 class=\"wp-block-heading has-text-align-center\"><strong>Offene Probe<\/strong><\/h2>\n\n\n\n<p>Am 3. Oktober fand unsere offene Probe statt. Uns hat es sehr viel Spa\u00df bereitet, wieder vor kleinem Publikum (unter Einhaltung der Hygienevorschriften) zu spielen. Vielen Dank f\u00fcr eure Unterst\u00fctzung!<\/p>\n\n\n\n<div class=\"wp-block-columns is-layout-flex wp-container-core-columns-is-layout-9d6595d7 wp-block-columns-is-layout-flex\">\n<div class=\"wp-block-column is-layout-flow wp-block-column-is-layout-flow\">\n<figure class=\"wp-block-image size-large\"><img loading=\"lazy\" decoding=\"async\" width=\"960\" height=\"720\" src=\"http:\/\/mv-niederhosenbach.de\/wp-content\/uploads\/2020\/11\/Offene-Probe-Oktober-2020-1.jpg\" alt=\"\" class=\"wp-image-483\" srcset=\"http:\/\/mv-niederhosenbach.de\/wp-content\/uploads\/2020\/11\/Offene-Probe-Oktober-2020-1.jpg 960w, http:\/\/mv-niederhosenbach.de\/wp-content\/uploads\/2020\/11\/Offene-Probe-Oktober-2020-1-300x225.jpg 300w, http:\/\/mv-niederhosenbach.de\/wp-content\/uploads\/2020\/11\/Offene-Probe-Oktober-2020-1-768x576.jpg 768w, http:\/\/mv-niederhosenbach.de\/wp-content\/uploads\/2020\/11\/Offene-Probe-Oktober-2020-1-640x480.jpg 640w\" sizes=\"auto, (max-width: 960px) 100vw, 960px\" \/><\/figure>\n<\/div>\n\n\n\n<div class=\"wp-block-column is-layout-flow wp-block-column-is-layout-flow\">\n<figure class=\"wp-block-image size-large\"><img loading=\"lazy\" decoding=\"async\" width=\"960\" height=\"720\" src=\"http:\/\/mv-niederhosenbach.de\/wp-content\/uploads\/2020\/11\/Offene-Probe-Oktober-2020-2.jpg\" alt=\"\" class=\"wp-image-482\" srcset=\"http:\/\/mv-niederhosenbach.de\/wp-content\/uploads\/2020\/11\/Offene-Probe-Oktober-2020-2.jpg 960w, http:\/\/mv-niederhosenbach.de\/wp-content\/uploads\/2020\/11\/Offene-Probe-Oktober-2020-2-300x225.jpg 300w, http:\/\/mv-niederhosenbach.de\/wp-content\/uploads\/2020\/11\/Offene-Probe-Oktober-2020-2-768x576.jpg 768w, http:\/\/mv-niederhosenbach.de\/wp-content\/uploads\/2020\/11\/Offene-Probe-Oktober-2020-2-640x480.jpg 640w\" sizes=\"auto, (max-width: 960px) 100vw, 960px\" \/><\/figure>\n<\/div>\n<\/div>\n\n\n\n<hr class=\"wp-block-separator has-text-color has-black-color has-css-opacity has-black-background-color has-background is-style-wide\"\/>\n\n\n\n<h2 class=\"wp-block-heading has-text-align-center\"><strong>Oktoberfest f\u00fcr zu Hause<\/strong><\/h2>\n\n\n\n<div class=\"wp-block-columns is-layout-flex wp-container-core-columns-is-layout-9d6595d7 wp-block-columns-is-layout-flex\">\n<div class=\"wp-block-column is-layout-flow wp-block-column-is-layout-flow\">\n<figure class=\"wp-block-image size-large\"><img loading=\"lazy\" decoding=\"async\" width=\"960\" height=\"960\" src=\"http:\/\/mv-niederhosenbach.de\/wp-content\/uploads\/2020\/11\/Oktoberfest-2020-1.jpg\" alt=\"\" class=\"wp-image-488\" srcset=\"http:\/\/mv-niederhosenbach.de\/wp-content\/uploads\/2020\/11\/Oktoberfest-2020-1.jpg 960w, http:\/\/mv-niederhosenbach.de\/wp-content\/uploads\/2020\/11\/Oktoberfest-2020-1-300x300.jpg 300w, http:\/\/mv-niederhosenbach.de\/wp-content\/uploads\/2020\/11\/Oktoberfest-2020-1-150x150.jpg 150w, http:\/\/mv-niederhosenbach.de\/wp-content\/uploads\/2020\/11\/Oktoberfest-2020-1-768x768.jpg 768w, http:\/\/mv-niederhosenbach.de\/wp-content\/uploads\/2020\/11\/Oktoberfest-2020-1-640x640.jpg 640w, http:\/\/mv-niederhosenbach.de\/wp-content\/uploads\/2020\/11\/Oktoberfest-2020-1-180x180.jpg 180w\" sizes=\"auto, (max-width: 960px) 100vw, 960px\" \/><\/figure>\n\n\n\n<p class=\"has-black-color has-text-color\" style=\"font-size:30px\">Wir haben geliefert &#8211; und Ihr habt es hoffentlich genossen!<br>Wir bedanken uns auch an dieser Stelle nochmals f\u00fcr eure zahlreichen Bestellungen und die damit verbundene Unterst\u00fctzung! <\/p>\n<\/div>\n\n\n\n<div class=\"wp-block-column is-layout-flow wp-block-column-is-layout-flow\">\n<figure class=\"wp-block-image size-large\"><img loading=\"lazy\" decoding=\"async\" width=\"542\" height=\"960\" src=\"http:\/\/mv-niederhosenbach.de\/wp-content\/uploads\/2021\/01\/Oktoberfest-2020-2.jpg\" alt=\"\" class=\"wp-image-508\" srcset=\"http:\/\/mv-niederhosenbach.de\/wp-content\/uploads\/2021\/01\/Oktoberfest-2020-2.jpg 542w, http:\/\/mv-niederhosenbach.de\/wp-content\/uploads\/2021\/01\/Oktoberfest-2020-2-169x300.jpg 169w\" sizes=\"auto, (max-width: 542px) 100vw, 542px\" \/><\/figure>\n<\/div>\n<\/div>\n\n\n\n<hr class=\"wp-block-separator has-text-color has-black-color has-alpha-channel-opacity has-black-background-color has-background is-style-wide\"\/>\n\n\n\n<div class=\"wp-block-group\"><div class=\"wp-block-group__inner-container is-layout-constrained wp-block-group-is-layout-constrained\">\n<h2 class=\"wp-block-heading has-black-color has-text-color has-link-color has-large-font-size wp-elements-a9a23546c6b11ae0e7fec3778b6b0c22\">Vielen Dank f\u00fcr eure tollen Laternenfenster!<\/h2>\n<\/div><\/div>\n\n\n\n<figure class=\"wp-block-image size-large\"><img loading=\"lazy\" decoding=\"async\" width=\"960\" height=\"960\" src=\"http:\/\/mv-niederhosenbach.de\/wp-content\/uploads\/2021\/01\/St-Martin-2020.jpg\" alt=\"\" class=\"wp-image-497\" srcset=\"http:\/\/mv-niederhosenbach.de\/wp-content\/uploads\/2021\/01\/St-Martin-2020.jpg 960w, http:\/\/mv-niederhosenbach.de\/wp-content\/uploads\/2021\/01\/St-Martin-2020-300x300.jpg 300w, http:\/\/mv-niederhosenbach.de\/wp-content\/uploads\/2021\/01\/St-Martin-2020-150x150.jpg 150w, http:\/\/mv-niederhosenbach.de\/wp-content\/uploads\/2021\/01\/St-Martin-2020-768x768.jpg 768w, http:\/\/mv-niederhosenbach.de\/wp-content\/uploads\/2021\/01\/St-Martin-2020-640x640.jpg 640w, http:\/\/mv-niederhosenbach.de\/wp-content\/uploads\/2021\/01\/St-Martin-2020-180x180.jpg 180w\" sizes=\"auto, (max-width: 960px) 100vw, 960px\" \/><\/figure>\n\n\n\n<hr class=\"wp-block-separator has-text-color has-black-color has-alpha-channel-opacity has-black-background-color has-background is-style-wide\"\/>\n\n\n\n<h2 class=\"wp-block-heading has-text-align-center has-black-color has-text-color\" style=\"font-size:40px\"><strong>Spansauessen  &#8222;Wir liefern &#8211; Sie genie\u00dfen&#8220;!<\/strong><\/h2>\n\n\n\n<div class=\"wp-block-columns is-layout-flex wp-container-core-columns-is-layout-9d6595d7 wp-block-columns-is-layout-flex\">\n<div class=\"wp-block-column is-layout-flow wp-block-column-is-layout-flow\">\n<figure class=\"wp-block-image size-large\"><img loading=\"lazy\" decoding=\"async\" width=\"677\" height=\"680\" src=\"http:\/\/mv-niederhosenbach.de\/wp-content\/uploads\/2020\/11\/Spansauessen-2020-2.jpg\" alt=\"\" class=\"wp-image-491\" srcset=\"http:\/\/mv-niederhosenbach.de\/wp-content\/uploads\/2020\/11\/Spansauessen-2020-2.jpg 677w, http:\/\/mv-niederhosenbach.de\/wp-content\/uploads\/2020\/11\/Spansauessen-2020-2-300x300.jpg 300w, http:\/\/mv-niederhosenbach.de\/wp-content\/uploads\/2020\/11\/Spansauessen-2020-2-150x150.jpg 150w, http:\/\/mv-niederhosenbach.de\/wp-content\/uploads\/2020\/11\/Spansauessen-2020-2-180x180.jpg 180w\" sizes=\"auto, (max-width: 677px) 100vw, 677px\" \/><\/figure>\n<\/div>\n\n\n\n<div class=\"wp-block-column is-layout-flow wp-block-column-is-layout-flow\">\n<figure class=\"wp-block-image size-large\"><img loading=\"lazy\" decoding=\"async\" width=\"960\" height=\"960\" src=\"http:\/\/mv-niederhosenbach.de\/wp-content\/uploads\/2020\/11\/Spansauessen-2020-1.jpg\" alt=\"\" class=\"wp-image-490\" srcset=\"http:\/\/mv-niederhosenbach.de\/wp-content\/uploads\/2020\/11\/Spansauessen-2020-1.jpg 960w, http:\/\/mv-niederhosenbach.de\/wp-content\/uploads\/2020\/11\/Spansauessen-2020-1-300x300.jpg 300w, http:\/\/mv-niederhosenbach.de\/wp-content\/uploads\/2020\/11\/Spansauessen-2020-1-150x150.jpg 150w, http:\/\/mv-niederhosenbach.de\/wp-content\/uploads\/2020\/11\/Spansauessen-2020-1-768x768.jpg 768w, http:\/\/mv-niederhosenbach.de\/wp-content\/uploads\/2020\/11\/Spansauessen-2020-1-640x640.jpg 640w, http:\/\/mv-niederhosenbach.de\/wp-content\/uploads\/2020\/11\/Spansauessen-2020-1-180x180.jpg 180w\" sizes=\"auto, (max-width: 960px) 100vw, 960px\" \/><\/figure>\n<\/div>\n<\/div>\n","protected":false},"excerpt":{"rendered":"<p>Fastnacht Offene Probe Am 3. Oktober fand unsere offene Probe statt. Uns hat es sehr viel Spa\u00df bereitet, wieder vor kleinem Publikum (unter Einhaltung der Hygienevorschriften) zu spielen. Vielen Dank<a href=\"http:\/\/mv-niederhosenbach.de\/?page_id=501\" class=\"more-link\"><span class=\"readmore\">Continue reading<span class=\"screen-reader-text\">2020<\/span><\/span><\/a><\/p>\n","protected":false},"author":1,"featured_media":0,"parent":0,"menu_order":0,"comment_status":"closed","ping_status":"closed","template":"","meta":{"footnotes":""},"class_list":["post-501","page","type-page","status-publish","hentry"],"_links":{"self":[{"href":"http:\/\/mv-niederhosenbach.de\/index.php?rest_route=\/wp\/v2\/pages\/501","targetHints":{"allow":["GET"]}}],"collection":[{"href":"http:\/\/mv-niederhosenbach.de\/index.php?rest_route=\/wp\/v2\/pages"}],"about":[{"href":"http:\/\/mv-niederhosenbach.de\/index.php?rest_route=\/wp\/v2\/types\/page"}],"author":[{"embeddable":true,"href":"http:\/\/mv-niederhosenbach.de\/index.php?rest_route=\/wp\/v2\/users\/1"}],"replies":[{"embeddable":true,"href":"http:\/\/mv-niederhosenbach.de\/index.php?rest_route=%2Fwp%2Fv2%2Fcomments&post=501"}],"version-history":[{"count":7,"href":"http:\/\/mv-niederhosenbach.de\/index.php?rest_route=\/wp\/v2\/pages\/501\/revisions"}],"predecessor-version":[{"id":1066,"href":"http:\/\/mv-niederhosenbach.de\/index.php?rest_route=\/wp\/v2\/pages\/501\/revisions\/1066"}],"wp:attachment":[{"href":"http:\/\/mv-niederhosenbach.de\/index.php?rest_route=%2Fwp%2Fv2%2Fmedia&parent=501"}],"curies":[{"name":"wp","href":"https:\/\/api.w.org\/{rel}","templated":true}]}}