{"id":568,"date":"2021-08-29T10:55:35","date_gmt":"2021-08-29T10:55:35","guid":{"rendered":"http:\/\/mv-niederhosenbach.de\/?page_id=568"},"modified":"2026-01-25T18:55:12","modified_gmt":"2026-01-25T18:55:12","slug":"veranstaltungen-2021","status":"publish","type":"page","link":"http:\/\/mv-niederhosenbach.de\/?page_id=568","title":{"rendered":"2021"},"content":{"rendered":"\n<h2 class=\"wp-block-heading has-text-align-center\">D\u00e4mmerschoppen<\/h2>\n\n\n\n<div class=\"wp-block-columns is-layout-flex wp-container-core-columns-is-layout-9d6595d7 wp-block-columns-is-layout-flex\">\n<div class=\"wp-block-column is-layout-flow wp-block-column-is-layout-flow\">\n<figure class=\"wp-block-image size-large\"><img loading=\"lazy\" decoding=\"async\" width=\"724\" height=\"1024\" src=\"http:\/\/mv-niederhosenbach.de\/wp-content\/uploads\/2021\/08\/flyer_daemmerschoppen_-August-2021-724x1024.jpg\" alt=\"\" class=\"wp-image-551\" srcset=\"http:\/\/mv-niederhosenbach.de\/wp-content\/uploads\/2021\/08\/flyer_daemmerschoppen_-August-2021-724x1024.jpg 724w, http:\/\/mv-niederhosenbach.de\/wp-content\/uploads\/2021\/08\/flyer_daemmerschoppen_-August-2021-212x300.jpg 212w, http:\/\/mv-niederhosenbach.de\/wp-content\/uploads\/2021\/08\/flyer_daemmerschoppen_-August-2021-768x1086.jpg 768w, http:\/\/mv-niederhosenbach.de\/wp-content\/uploads\/2021\/08\/flyer_daemmerschoppen_-August-2021-1086x1536.jpg 1086w, http:\/\/mv-niederhosenbach.de\/wp-content\/uploads\/2021\/08\/flyer_daemmerschoppen_-August-2021-1448x2048.jpg 1448w, http:\/\/mv-niederhosenbach.de\/wp-content\/uploads\/2021\/08\/flyer_daemmerschoppen_-August-2021-scaled.jpg 1810w\" sizes=\"auto, (max-width: 724px) 100vw, 724px\" \/><\/figure>\n<\/div>\n\n\n\n<div class=\"wp-block-column is-layout-flow wp-block-column-is-layout-flow\">\n<figure class=\"wp-block-image size-large is-resized\"><img loading=\"lazy\" decoding=\"async\" width=\"1024\" height=\"1024\" src=\"http:\/\/mv-niederhosenbach.de\/wp-content\/uploads\/2021\/08\/Bilder-Daemmerschoppen-August-2021-1024x1024.jpg\" alt=\"\" class=\"wp-image-561\" srcset=\"http:\/\/mv-niederhosenbach.de\/wp-content\/uploads\/2021\/08\/Bilder-Daemmerschoppen-August-2021-1024x1024.jpg 1024w, http:\/\/mv-niederhosenbach.de\/wp-content\/uploads\/2021\/08\/Bilder-Daemmerschoppen-August-2021-300x300.jpg 300w, http:\/\/mv-niederhosenbach.de\/wp-content\/uploads\/2021\/08\/Bilder-Daemmerschoppen-August-2021-150x150.jpg 150w, http:\/\/mv-niederhosenbach.de\/wp-content\/uploads\/2021\/08\/Bilder-Daemmerschoppen-August-2021-768x768.jpg 768w, http:\/\/mv-niederhosenbach.de\/wp-content\/uploads\/2021\/08\/Bilder-Daemmerschoppen-August-2021-640x640.jpg 640w, http:\/\/mv-niederhosenbach.de\/wp-content\/uploads\/2021\/08\/Bilder-Daemmerschoppen-August-2021-180x180.jpg 180w, http:\/\/mv-niederhosenbach.de\/wp-content\/uploads\/2021\/08\/Bilder-Daemmerschoppen-August-2021-50x50.jpg 50w, http:\/\/mv-niederhosenbach.de\/wp-content\/uploads\/2021\/08\/Bilder-Daemmerschoppen-August-2021.jpg 1440w\" sizes=\"auto, (max-width: 1024px) 100vw, 1024px\" \/><\/figure>\n<\/div>\n<\/div>\n\n\n\n<hr class=\"wp-block-separator has-text-color has-black-color has-css-opacity has-black-background-color has-background is-style-wide\"\/>\n\n\n\n<h2 class=\"wp-block-heading has-text-align-center\">Oktoberfest f\u00fcr zu Hause<\/h2>\n\n\n\n<div class=\"wp-block-columns is-layout-flex wp-container-core-columns-is-layout-9d6595d7 wp-block-columns-is-layout-flex\">\n<div class=\"wp-block-column is-layout-flow wp-block-column-is-layout-flow\">\n<figure class=\"wp-block-image size-large\"><img loading=\"lazy\" decoding=\"async\" width=\"724\" height=\"1024\" src=\"http:\/\/mv-niederhosenbach.de\/wp-content\/uploads\/2021\/08\/Plakat-Oktoberfest-2021-724x1024.jpg\" alt=\"\" class=\"wp-image-560\" srcset=\"http:\/\/mv-niederhosenbach.de\/wp-content\/uploads\/2021\/08\/Plakat-Oktoberfest-2021-724x1024.jpg 724w, http:\/\/mv-niederhosenbach.de\/wp-content\/uploads\/2021\/08\/Plakat-Oktoberfest-2021-212x300.jpg 212w, http:\/\/mv-niederhosenbach.de\/wp-content\/uploads\/2021\/08\/Plakat-Oktoberfest-2021-768x1086.jpg 768w, http:\/\/mv-niederhosenbach.de\/wp-content\/uploads\/2021\/08\/Plakat-Oktoberfest-2021-1086x1536.jpg 1086w, http:\/\/mv-niederhosenbach.de\/wp-content\/uploads\/2021\/08\/Plakat-Oktoberfest-2021-1448x2048.jpg 1448w, http:\/\/mv-niederhosenbach.de\/wp-content\/uploads\/2021\/08\/Plakat-Oktoberfest-2021-scaled.jpg 1811w\" sizes=\"auto, (max-width: 724px) 100vw, 724px\" \/><\/figure>\n<\/div>\n\n\n\n<div class=\"wp-block-column is-layout-flow wp-block-column-is-layout-flow\">\n<figure class=\"wp-block-image size-large\"><img loading=\"lazy\" decoding=\"async\" width=\"1024\" height=\"1024\" src=\"http:\/\/mv-niederhosenbach.de\/wp-content\/uploads\/2021\/11\/Oktoberfest-2020-Essen-1024x1024.jpg\" alt=\"\" class=\"wp-image-595\" srcset=\"http:\/\/mv-niederhosenbach.de\/wp-content\/uploads\/2021\/11\/Oktoberfest-2020-Essen-1024x1024.jpg 1024w, http:\/\/mv-niederhosenbach.de\/wp-content\/uploads\/2021\/11\/Oktoberfest-2020-Essen-300x300.jpg 300w, http:\/\/mv-niederhosenbach.de\/wp-content\/uploads\/2021\/11\/Oktoberfest-2020-Essen-150x150.jpg 150w, http:\/\/mv-niederhosenbach.de\/wp-content\/uploads\/2021\/11\/Oktoberfest-2020-Essen-768x768.jpg 768w, http:\/\/mv-niederhosenbach.de\/wp-content\/uploads\/2021\/11\/Oktoberfest-2020-Essen-640x640.jpg 640w, http:\/\/mv-niederhosenbach.de\/wp-content\/uploads\/2021\/11\/Oktoberfest-2020-Essen-180x180.jpg 180w, http:\/\/mv-niederhosenbach.de\/wp-content\/uploads\/2021\/11\/Oktoberfest-2020-Essen-50x50.jpg 50w, http:\/\/mv-niederhosenbach.de\/wp-content\/uploads\/2021\/11\/Oktoberfest-2020-Essen.jpg 1440w\" sizes=\"auto, (max-width: 1024px) 100vw, 1024px\" \/><\/figure>\n\n\n\n<p><\/p>\n<\/div>\n<\/div>\n\n\n\n<hr class=\"wp-block-separator has-text-color has-black-color has-css-opacity has-black-background-color has-background is-style-wide\"\/>\n\n\n\n<h2 class=\"wp-block-heading has-text-align-center\">Martinsumzug in Niederhosenbach<\/h2>\n\n\n\n<figure class=\"wp-block-image size-large\"><img loading=\"lazy\" decoding=\"async\" width=\"1024\" height=\"1024\" src=\"http:\/\/mv-niederhosenbach.de\/wp-content\/uploads\/2021\/12\/Martinsumzug-2021-1024x1024.jpg\" alt=\"\" class=\"wp-image-652\" srcset=\"http:\/\/mv-niederhosenbach.de\/wp-content\/uploads\/2021\/12\/Martinsumzug-2021-1024x1024.jpg 1024w, http:\/\/mv-niederhosenbach.de\/wp-content\/uploads\/2021\/12\/Martinsumzug-2021-300x300.jpg 300w, http:\/\/mv-niederhosenbach.de\/wp-content\/uploads\/2021\/12\/Martinsumzug-2021-150x150.jpg 150w, http:\/\/mv-niederhosenbach.de\/wp-content\/uploads\/2021\/12\/Martinsumzug-2021-768x768.jpg 768w, http:\/\/mv-niederhosenbach.de\/wp-content\/uploads\/2021\/12\/Martinsumzug-2021-640x640.jpg 640w, http:\/\/mv-niederhosenbach.de\/wp-content\/uploads\/2021\/12\/Martinsumzug-2021-180x180.jpg 180w, http:\/\/mv-niederhosenbach.de\/wp-content\/uploads\/2021\/12\/Martinsumzug-2021-50x50.jpg 50w, http:\/\/mv-niederhosenbach.de\/wp-content\/uploads\/2021\/12\/Martinsumzug-2021.jpg 1440w\" sizes=\"auto, (max-width: 1024px) 100vw, 1024px\" \/><\/figure>\n\n\n\n<hr class=\"wp-block-separator has-text-color has-black-color has-css-opacity has-black-background-color has-background is-style-wide\"\/>\n\n\n\n<h2 class=\"wp-block-heading has-text-align-center\">Spansauessen &#8222;Wir liefern &#8211; Sie genie\u00dfen&#8220;!<\/h2>\n\n\n\n<div class=\"wp-block-columns is-layout-flex wp-container-core-columns-is-layout-9d6595d7 wp-block-columns-is-layout-flex\">\n<div class=\"wp-block-column is-layout-flow wp-block-column-is-layout-flow\">\n<figure class=\"wp-block-image size-large\"><img loading=\"lazy\" decoding=\"async\" width=\"722\" height=\"1024\" src=\"http:\/\/mv-niederhosenbach.de\/wp-content\/uploads\/2021\/11\/Werbung-Spansauessen-2021-722x1024.jpg\" alt=\"\" class=\"wp-image-599\" srcset=\"http:\/\/mv-niederhosenbach.de\/wp-content\/uploads\/2021\/11\/Werbung-Spansauessen-2021-722x1024.jpg 722w, http:\/\/mv-niederhosenbach.de\/wp-content\/uploads\/2021\/11\/Werbung-Spansauessen-2021-211x300.jpg 211w, http:\/\/mv-niederhosenbach.de\/wp-content\/uploads\/2021\/11\/Werbung-Spansauessen-2021-768x1090.jpg 768w, http:\/\/mv-niederhosenbach.de\/wp-content\/uploads\/2021\/11\/Werbung-Spansauessen-2021.jpg 1007w\" sizes=\"auto, (max-width: 722px) 100vw, 722px\" \/><\/figure>\n<\/div>\n\n\n\n<div class=\"wp-block-column is-layout-flow wp-block-column-is-layout-flow\">\n<figure class=\"wp-block-image size-large\"><img loading=\"lazy\" decoding=\"async\" width=\"1024\" height=\"1024\" src=\"http:\/\/mv-niederhosenbach.de\/wp-content\/uploads\/2021\/12\/Spansauessen-2021-1024x1024.jpg\" alt=\"\" class=\"wp-image-653\" srcset=\"http:\/\/mv-niederhosenbach.de\/wp-content\/uploads\/2021\/12\/Spansauessen-2021-1024x1024.jpg 1024w, http:\/\/mv-niederhosenbach.de\/wp-content\/uploads\/2021\/12\/Spansauessen-2021-300x300.jpg 300w, http:\/\/mv-niederhosenbach.de\/wp-content\/uploads\/2021\/12\/Spansauessen-2021-150x150.jpg 150w, http:\/\/mv-niederhosenbach.de\/wp-content\/uploads\/2021\/12\/Spansauessen-2021-768x768.jpg 768w, http:\/\/mv-niederhosenbach.de\/wp-content\/uploads\/2021\/12\/Spansauessen-2021-1536x1536.jpg 1536w, http:\/\/mv-niederhosenbach.de\/wp-content\/uploads\/2021\/12\/Spansauessen-2021-640x640.jpg 640w, http:\/\/mv-niederhosenbach.de\/wp-content\/uploads\/2021\/12\/Spansauessen-2021-180x180.jpg 180w, http:\/\/mv-niederhosenbach.de\/wp-content\/uploads\/2021\/12\/Spansauessen-2021-50x50.jpg 50w, http:\/\/mv-niederhosenbach.de\/wp-content\/uploads\/2021\/12\/Spansauessen-2021.jpg 2048w\" sizes=\"auto, (max-width: 1024px) 100vw, 1024px\" \/><\/figure>\n\n\n\n<p><\/p>\n<\/div>\n<\/div>\n\n\n\n<hr class=\"wp-block-separator has-text-color has-black-color has-css-opacity has-black-background-color has-background is-style-wide\"\/>\n\n\n\n<p><\/p>\n","protected":false},"excerpt":{"rendered":"<p>D\u00e4mmerschoppen Oktoberfest f\u00fcr zu Hause Martinsumzug in Niederhosenbach Spansauessen &#8222;Wir liefern &#8211; Sie genie\u00dfen&#8220;!<\/p>\n","protected":false},"author":1,"featured_media":0,"parent":0,"menu_order":0,"comment_status":"closed","ping_status":"closed","template":"","meta":{"footnotes":""},"class_list":["post-568","page","type-page","status-publish","hentry"],"_links":{"self":[{"href":"http:\/\/mv-niederhosenbach.de\/index.php?rest_route=\/wp\/v2\/pages\/568","targetHints":{"allow":["GET"]}}],"collection":[{"href":"http:\/\/mv-niederhosenbach.de\/index.php?rest_route=\/wp\/v2\/pages"}],"about":[{"href":"http:\/\/mv-niederhosenbach.de\/index.php?rest_route=\/wp\/v2\/types\/page"}],"author":[{"embeddable":true,"href":"http:\/\/mv-niederhosenbach.de\/index.php?rest_route=\/wp\/v2\/users\/1"}],"replies":[{"embeddable":true,"href":"http:\/\/mv-niederhosenbach.de\/index.php?rest_route=%2Fwp%2Fv2%2Fcomments&post=568"}],"version-history":[{"count":9,"href":"http:\/\/mv-niederhosenbach.de\/index.php?rest_route=\/wp\/v2\/pages\/568\/revisions"}],"predecessor-version":[{"id":1056,"href":"http:\/\/mv-niederhosenbach.de\/index.php?rest_route=\/wp\/v2\/pages\/568\/revisions\/1056"}],"wp:attachment":[{"href":"http:\/\/mv-niederhosenbach.de\/index.php?rest_route=%2Fwp%2Fv2%2Fmedia&parent=568"}],"curies":[{"name":"wp","href":"https:\/\/api.w.org\/{rel}","templated":true}]}}