{"id":896,"date":"2025-04-07T18:47:36","date_gmt":"2025-04-07T18:47:36","guid":{"rendered":"http:\/\/mv-niederhosenbach.de\/?page_id=896"},"modified":"2026-01-25T11:15:04","modified_gmt":"2026-01-25T11:15:04","slug":"das-sind-wir","status":"publish","type":"page","link":"http:\/\/mv-niederhosenbach.de\/?page_id=896","title":{"rendered":"Das sind Wir"},"content":{"rendered":"\n<h2 class=\"wp-block-heading\">Das sind Wir<\/h2>\n\n\n\n<p>Herzlich Willkommen beim Musikverein &#8222;Gloria&#8220; 1953 Niederhosenbach.<\/p>\n\n\n\n<p>Der Musikverein Niederhosenbach ist ein lebendiger und engagierter Verein, der sich der F\u00f6rderung der Musik und der Gemeinschaft widmet. Gegr\u00fcndet im Jahr 1953, haben wir uns zu einer festen Institution in der Region entwickelt und bieten Musikliebhabern aller Altersgruppen die M\u00f6glichkeit, ihre Leidenschaft f\u00fcr die Musik zu entdecken und zu vertiefen.<\/p>\n\n\n\n<p><strong>Unsere Musiker:<\/strong>&nbsp;Mit 35 aktiven Musikern aus verschiedenen Altersgruppen und musikalischen Hintergr\u00fcnden sind wir stolz darauf, ein vielf\u00e4ltiges Ensemble zu sein. Unsere Musikerinnen und Musiker bringen ihre Talente und ihre Begeisterung f\u00fcr die Musik in jede Probe und jeden Auftritt ein.<\/p>\n\n\n\n<p><strong>Musikalisches Repertoire:<\/strong>&nbsp;Unser Repertoire reicht von traditioneller Blasmusik \u00fcber moderne St\u00fccke bis hin zu sinfonischer Musik. Wir legen gro\u00dfen Wert darauf, abwechslungsreiche Programme zu gestalten, die sowohl unsere Musiker als auch unser Publikum begeistern.<\/p>\n\n\n\n<p><strong>Aktive Jugendarbeit:<\/strong>&nbsp;Die F\u00f6rderung junger Talente liegt uns besonders am Herzen. Durch unsere aktive Jugendarbeit bieten wir Kindern und Jugendlichen die M\u00f6glichkeit, Instrumente zu erlernen und in die Welt der Musik einzutauchen. Regelm\u00e4\u00dfige Proben und Auftritte helfen den jungen Musikern, ihre F\u00e4higkeiten zu entwickeln und das Gemeinschaftsgef\u00fchl zu st\u00e4rken.<\/p>\n\n\n\n<p><strong>Proben und Auftritte:<\/strong>&nbsp;Unsere Proben finden jeden Freitag von 20:00 bis 22:00 Uhr im Gemeinschaftshaus in Niederhosenbach statt. Wir freuen uns \u00fcber neue Mitglieder, die Teil unserer musikalischen Familie werden m\u00f6chten! Neben unseren regelm\u00e4\u00dfigen Proben treten wir bei verschiedenen Anl\u00e4ssen auf, darunter Konzerte, Feste und Wettbewerbe.<\/p>\n\n\n\n<p><strong>Gemeinschaft und Freude an der Musik:<\/strong>&nbsp;Der Musikverein Niederhosenbach ist mehr als nur ein Ort, an dem Musik gemacht wird. Wir sind eine Gemeinschaft, die sich gegenseitig unterst\u00fctzt und gemeinsam Freude an der Musik teilt. Ob bei unseren Auftritten oder geselligen Veranstaltungen \u2013 bei uns steht das Miteinander im Vordergrund.<\/p>\n\n\n\n<p>Wir laden Sie  und euch herzlich ein, uns kennenzulernen und Teil unserer musikalischen Reise zu werden. Besuchen Sie unsere Konzerte, nehmen Sie an unseren Veranstaltungen teil oder werden Sie selbst Mitglied unseres Vereins!<\/p>\n\n\n\n<p>F\u00fcr weitere Informationen oder Fragen stehen wir Ihnen jederzeit gerne zur Verf\u00fcgung.<\/p>\n\n\n\n<p><strong>Kontakt<\/strong>: <br><strong>1. Vorsitzender<\/strong><br>Jonas Huck<br>Telefon: 0173 608 58 11<br>E-Mail: jonashuck2299@gmail.com<\/p>\n\n\n\n<p><strong>1. Schriftf\u00fchrerin<\/strong><br>Sandra Urfell &nbsp; &nbsp; &nbsp; &nbsp; &nbsp; &nbsp; &nbsp; &nbsp; &nbsp; &nbsp; &nbsp; &nbsp; &nbsp; &nbsp; &nbsp; &nbsp; &nbsp; &nbsp; &nbsp; &nbsp; &nbsp; &nbsp; &nbsp; &nbsp; &nbsp; &nbsp; &nbsp;<br>Telefon: 0172 105 53 19&nbsp; &nbsp; &nbsp; &nbsp; &nbsp; &nbsp; &nbsp; &nbsp; &nbsp; &nbsp; &nbsp; &nbsp; &nbsp; &nbsp; &nbsp; &nbsp; &nbsp; &nbsp; &nbsp; &nbsp; &nbsp; &nbsp; &nbsp; &nbsp;<br>E-Mail: mv-niederhosenbach@t-online.de<\/p>\n","protected":false},"excerpt":{"rendered":"<p>Das sind Wir Herzlich Willkommen beim Musikverein &#8222;Gloria&#8220; 1953 Niederhosenbach. Der Musikverein Niederhosenbach ist ein lebendiger und engagierter Verein, der sich der F\u00f6rderung der Musik und der Gemeinschaft widmet. Gegr\u00fcndet<a href=\"http:\/\/mv-niederhosenbach.de\/?page_id=896\" class=\"more-link\"><span class=\"readmore\">Continue reading<span class=\"screen-reader-text\">Das sind Wir<\/span><\/span><\/a><\/p>\n","protected":false},"author":1,"featured_media":0,"parent":0,"menu_order":0,"comment_status":"closed","ping_status":"closed","template":"","meta":{"footnotes":""},"class_list":["post-896","page","type-page","status-publish","hentry"],"_links":{"self":[{"href":"http:\/\/mv-niederhosenbach.de\/index.php?rest_route=\/wp\/v2\/pages\/896","targetHints":{"allow":["GET"]}}],"collection":[{"href":"http:\/\/mv-niederhosenbach.de\/index.php?rest_route=\/wp\/v2\/pages"}],"about":[{"href":"http:\/\/mv-niederhosenbach.de\/index.php?rest_route=\/wp\/v2\/types\/page"}],"author":[{"embeddable":true,"href":"http:\/\/mv-niederhosenbach.de\/index.php?rest_route=\/wp\/v2\/users\/1"}],"replies":[{"embeddable":true,"href":"http:\/\/mv-niederhosenbach.de\/index.php?rest_route=%2Fwp%2Fv2%2Fcomments&post=896"}],"version-history":[{"count":3,"href":"http:\/\/mv-niederhosenbach.de\/index.php?rest_route=\/wp\/v2\/pages\/896\/revisions"}],"predecessor-version":[{"id":1005,"href":"http:\/\/mv-niederhosenbach.de\/index.php?rest_route=\/wp\/v2\/pages\/896\/revisions\/1005"}],"wp:attachment":[{"href":"http:\/\/mv-niederhosenbach.de\/index.php?rest_route=%2Fwp%2Fv2%2Fmedia&parent=896"}],"curies":[{"name":"wp","href":"https:\/\/api.w.org\/{rel}","templated":true}]}}